{"id":239,"date":"2020-09-20T15:50:49","date_gmt":"2020-09-20T13:50:49","guid":{"rendered":"https:\/\/metodadin.pl\/test\/?page_id=239"},"modified":"2020-10-18T15:51:31","modified_gmt":"2020-10-18T13:51:31","slug":"strefa-rodzica","status":"publish","type":"page","link":"https:\/\/metodadin.pl\/test\/strefa-rodzica\/","title":{"rendered":"Strefa rodzica"},"content":{"rendered":"<!--themify_builder_content-->\n<div id=\"themify_builder_content-239\" data-postid=\"239\" class=\"themify_builder_content themify_builder_content-239 themify_builder tf_clear\">\n    \t<!-- module_row -->\n\t<div  data-lazy=\"1\" class=\"module_row themify_builder_row tb_hdog503 tb_first tf_clearfix\">\n\t    \t\t<div class=\"row_inner col_align_top tf_box tf_w tf_rel\">\n\t\t\t<div  data-lazy=\"1\" class=\"module_column tb-column col-full first tb_d9qk504 tf_box\">\n\t    \t    \t        <div class=\"tb-column-inner tf_box tf_w\">\n\t\t    <!-- module post -->\n<div  class=\"module module-post tb_rl1i567 \">\n        <div  class=\"builder-posts-wrap loops-wrapper grid2 boxed tf_clear tf_clearfix\" data-lazy=\"1\">\n\t<article id=\"post-1406\" class=\"post tf_clearfix post-1406 type-post status-publish format-standard has-post-thumbnail hentry category-strefa-rodzica has-post-title no-post-date has-post-category has-post-tag has-post-comment has-post-author   cat-13\">\n\t    \n\t\t\t<a href=\"https:\/\/metodadin.pl\/test\/strefa-rodzica\/opowiesc-pierwsza-joachim\/\" aria-label=\"Opowie\u015b\u0107 pierwsza &#8211; Joachim\" data-post-permalink=\"yes\" style=\"display: none;\"><\/a>\n\t    \t\t\t<figure class=\"post-image tf_clearfix\">\n\t\t\t    \t\t\t\t\t\t\t\t<a href=\"https:\/\/metodadin.pl\/test\/strefa-rodzica\/opowiesc-pierwsza-joachim\/\">\n\t\t\t\t\t\t\t\t<img loading=\"lazy\" decoding=\"async\" width=\"2048\" height=\"1363\" src=\"https:\/\/metodadin.pl\/test\/wp-content\/uploads\/2020\/10\/1.Rodzice.jpg\" class=\"wp-post-image wp-image-1407\" title=\"1.Rodzice\" alt=\"1.Rodzice\" srcset=\"https:\/\/metodadin.pl\/test\/wp-content\/uploads\/2020\/10\/1.Rodzice.jpg 2048w, https:\/\/metodadin.pl\/test\/wp-content\/uploads\/2020\/10\/1.Rodzice-300x200.jpg 300w, https:\/\/metodadin.pl\/test\/wp-content\/uploads\/2020\/10\/1.Rodzice-1024x682.jpg 1024w, https:\/\/metodadin.pl\/test\/wp-content\/uploads\/2020\/10\/1.Rodzice-768x511.jpg 768w, https:\/\/metodadin.pl\/test\/wp-content\/uploads\/2020\/10\/1.Rodzice-1536x1022.jpg 1536w, https:\/\/metodadin.pl\/test\/wp-content\/uploads\/2020\/10\/1.Rodzice-900x598.jpg 900w, https:\/\/metodadin.pl\/test\/wp-content\/uploads\/2020\/10\/1.Rodzice-1160x772.jpg 1160w\" sizes=\"(max-width: 2048px) 100vw, 2048px\" \/>\t\t\t\t\t\t\t\t    \t\t\t\t<\/a>\n\t\t\t\t\t\t\t    \t\t\t<\/figure>\n\t\t\t\t<div class=\"post-content\">\n\t\t<div class=\"post-content-inner\">\n\n\t\t\t\n\t\t\t<h2 class=\"post-title entry-title\"><a href=\"https:\/\/metodadin.pl\/test\/strefa-rodzica\/opowiesc-pierwsza-joachim\/\">Opowie\u015b\u0107 pierwsza &#8211; Joachim<\/a><\/h2>\n\t\t\t\n\t\t\t\n\t\t\t\t<div class=\"entry-content\">\n\n\t    \n\t<\/div><!-- \/.entry-content -->\n\t\n\t\t<\/div>\n\t\t<!-- \/.post-content-inner -->\n\t<\/div>\n\t<!-- \/.post-content -->\n\t\n<\/article>\n<!-- \/.post -->\n<article id=\"post-1424\" class=\"post tf_clearfix post-1424 type-post status-publish format-standard has-post-thumbnail hentry category-strefa-rodzica has-post-title no-post-date has-post-category has-post-tag has-post-comment has-post-author   cat-13\">\n\t    \n\t\t\t<a href=\"https:\/\/metodadin.pl\/test\/strefa-rodzica\/opowiesc-druga-olek\/\" aria-label=\"Opowie\u015b\u0107 druga \u2013 Olek\" data-post-permalink=\"yes\" style=\"display: none;\"><\/a>\n\t    \t\t\t<figure class=\"post-image tf_clearfix\">\n\t\t\t    \t\t\t\t\t\t\t\t<a href=\"https:\/\/metodadin.pl\/test\/strefa-rodzica\/opowiesc-druga-olek\/\">\n\t\t\t\t\t\t\t\t<img loading=\"lazy\" decoding=\"async\" width=\"2048\" height=\"1363\" src=\"https:\/\/metodadin.pl\/test\/wp-content\/uploads\/2020\/10\/2.Rodzice.jpg\" class=\"wp-post-image wp-image-1408\" title=\"2.Rodzice\" alt=\"2.Rodzice\" srcset=\"https:\/\/metodadin.pl\/test\/wp-content\/uploads\/2020\/10\/2.Rodzice.jpg 2048w, https:\/\/metodadin.pl\/test\/wp-content\/uploads\/2020\/10\/2.Rodzice-300x200.jpg 300w, https:\/\/metodadin.pl\/test\/wp-content\/uploads\/2020\/10\/2.Rodzice-1024x682.jpg 1024w, https:\/\/metodadin.pl\/test\/wp-content\/uploads\/2020\/10\/2.Rodzice-768x511.jpg 768w, https:\/\/metodadin.pl\/test\/wp-content\/uploads\/2020\/10\/2.Rodzice-1536x1022.jpg 1536w, https:\/\/metodadin.pl\/test\/wp-content\/uploads\/2020\/10\/2.Rodzice-900x598.jpg 900w, https:\/\/metodadin.pl\/test\/wp-content\/uploads\/2020\/10\/2.Rodzice-1160x772.jpg 1160w\" sizes=\"(max-width: 2048px) 100vw, 2048px\" \/>\t\t\t\t\t\t\t\t    \t\t\t\t<\/a>\n\t\t\t\t\t\t\t    \t\t\t<\/figure>\n\t\t\t\t<div class=\"post-content\">\n\t\t<div class=\"post-content-inner\">\n\n\t\t\t\n\t\t\t<h2 class=\"post-title entry-title\"><a href=\"https:\/\/metodadin.pl\/test\/strefa-rodzica\/opowiesc-druga-olek\/\">Opowie\u015b\u0107 druga \u2013 Olek<\/a><\/h2>\n\t\t\t\n\t\t\t\n\t\t\t\t<div class=\"entry-content\">\n\n\t    \n\t<\/div><!-- \/.entry-content -->\n\t\n\t\t<\/div>\n\t\t<!-- \/.post-content-inner -->\n\t<\/div>\n\t<!-- \/.post-content -->\n\t\n<\/article>\n<!-- \/.post -->\n<article id=\"post-1426\" class=\"post tf_clearfix post-1426 type-post status-publish format-standard has-post-thumbnail hentry category-strefa-rodzica has-post-title no-post-date has-post-category has-post-tag has-post-comment has-post-author   cat-13\">\n\t    \n\t\t\t<a href=\"https:\/\/metodadin.pl\/test\/strefa-rodzica\/opowiesc-trzecia-hania\/\" aria-label=\"Opowie\u015b\u0107 trzecia \u2013 Hania\" data-post-permalink=\"yes\" style=\"display: none;\"><\/a>\n\t    \t\t\t<figure class=\"post-image tf_clearfix\">\n\t\t\t    \t\t\t\t\t\t\t\t<a href=\"https:\/\/metodadin.pl\/test\/strefa-rodzica\/opowiesc-trzecia-hania\/\">\n\t\t\t\t\t\t\t\t<img loading=\"lazy\" decoding=\"async\" width=\"2048\" height=\"1363\" src=\"https:\/\/metodadin.pl\/test\/wp-content\/uploads\/2020\/10\/3.Rodzice.jpg\" class=\"wp-post-image wp-image-1409\" title=\"3.Rodzice\" alt=\"3.Rodzice\" srcset=\"https:\/\/metodadin.pl\/test\/wp-content\/uploads\/2020\/10\/3.Rodzice.jpg 2048w, https:\/\/metodadin.pl\/test\/wp-content\/uploads\/2020\/10\/3.Rodzice-300x200.jpg 300w, https:\/\/metodadin.pl\/test\/wp-content\/uploads\/2020\/10\/3.Rodzice-1024x682.jpg 1024w, https:\/\/metodadin.pl\/test\/wp-content\/uploads\/2020\/10\/3.Rodzice-768x511.jpg 768w, https:\/\/metodadin.pl\/test\/wp-content\/uploads\/2020\/10\/3.Rodzice-1536x1022.jpg 1536w, https:\/\/metodadin.pl\/test\/wp-content\/uploads\/2020\/10\/3.Rodzice-900x598.jpg 900w, https:\/\/metodadin.pl\/test\/wp-content\/uploads\/2020\/10\/3.Rodzice-1160x772.jpg 1160w\" sizes=\"(max-width: 2048px) 100vw, 2048px\" \/>\t\t\t\t\t\t\t\t    \t\t\t\t<\/a>\n\t\t\t\t\t\t\t    \t\t\t<\/figure>\n\t\t\t\t<div class=\"post-content\">\n\t\t<div class=\"post-content-inner\">\n\n\t\t\t\n\t\t\t<h2 class=\"post-title entry-title\"><a href=\"https:\/\/metodadin.pl\/test\/strefa-rodzica\/opowiesc-trzecia-hania\/\">Opowie\u015b\u0107 trzecia \u2013 Hania<\/a><\/h2>\n\t\t\t\n\t\t\t\n\t\t\t\t<div class=\"entry-content\">\n\n\t    \n\t<\/div><!-- \/.entry-content -->\n\t\n\t\t<\/div>\n\t\t<!-- \/.post-content-inner -->\n\t<\/div>\n\t<!-- \/.post-content -->\n\t\n<\/article>\n<!-- \/.post -->\n<article id=\"post-1432\" class=\"post tf_clearfix post-1432 type-post status-publish format-standard has-post-thumbnail hentry category-strefa-rodzica has-post-title no-post-date has-post-category has-post-tag has-post-comment has-post-author   cat-13\">\n\t    \n\t\t\t<a href=\"https:\/\/metodadin.pl\/test\/strefa-rodzica\/opowiesc-czwarta-jedrek\/\" aria-label=\"Opowie\u015b\u0107 czwarta \u2013 J\u0119drek\" data-post-permalink=\"yes\" style=\"display: none;\"><\/a>\n\t    \t\t\t<figure class=\"post-image tf_clearfix\">\n\t\t\t    \t\t\t\t\t\t\t\t<a href=\"https:\/\/metodadin.pl\/test\/strefa-rodzica\/opowiesc-czwarta-jedrek\/\">\n\t\t\t\t\t\t\t\t<img loading=\"lazy\" decoding=\"async\" width=\"2048\" height=\"1363\" src=\"https:\/\/metodadin.pl\/test\/wp-content\/uploads\/2020\/10\/4.Rodzice.jpg\" class=\"wp-post-image wp-image-1410\" title=\"4.Rodzice\" alt=\"4.Rodzice\" srcset=\"https:\/\/metodadin.pl\/test\/wp-content\/uploads\/2020\/10\/4.Rodzice.jpg 2048w, https:\/\/metodadin.pl\/test\/wp-content\/uploads\/2020\/10\/4.Rodzice-300x200.jpg 300w, https:\/\/metodadin.pl\/test\/wp-content\/uploads\/2020\/10\/4.Rodzice-1024x682.jpg 1024w, https:\/\/metodadin.pl\/test\/wp-content\/uploads\/2020\/10\/4.Rodzice-768x511.jpg 768w, https:\/\/metodadin.pl\/test\/wp-content\/uploads\/2020\/10\/4.Rodzice-1536x1022.jpg 1536w, https:\/\/metodadin.pl\/test\/wp-content\/uploads\/2020\/10\/4.Rodzice-900x598.jpg 900w, https:\/\/metodadin.pl\/test\/wp-content\/uploads\/2020\/10\/4.Rodzice-1160x772.jpg 1160w\" sizes=\"(max-width: 2048px) 100vw, 2048px\" \/>\t\t\t\t\t\t\t\t    \t\t\t\t<\/a>\n\t\t\t\t\t\t\t    \t\t\t<\/figure>\n\t\t\t\t<div class=\"post-content\">\n\t\t<div class=\"post-content-inner\">\n\n\t\t\t\n\t\t\t<h2 class=\"post-title entry-title\"><a href=\"https:\/\/metodadin.pl\/test\/strefa-rodzica\/opowiesc-czwarta-jedrek\/\">Opowie\u015b\u0107 czwarta \u2013 J\u0119drek<\/a><\/h2>\n\t\t\t\n\t\t\t\n\t\t\t\t<div class=\"entry-content\">\n\n\t    \n\t<\/div><!-- \/.entry-content -->\n\t\n\t\t<\/div>\n\t\t<!-- \/.post-content-inner -->\n\t<\/div>\n\t<!-- \/.post-content -->\n\t\n<\/article>\n<!-- \/.post -->\n<article id=\"post-1435\" class=\"post tf_clearfix post-1435 type-post status-publish format-standard has-post-thumbnail hentry category-strefa-rodzica has-post-title no-post-date has-post-category has-post-tag has-post-comment has-post-author   cat-13\">\n\t    \n\t\t\t<a href=\"https:\/\/metodadin.pl\/test\/strefa-rodzica\/opowiesc-piata-magda\/\" aria-label=\"Opowie\u015b\u0107 pi\u0105ta \u2013 Magda\" data-post-permalink=\"yes\" style=\"display: none;\"><\/a>\n\t    \t\t\t<figure class=\"post-image tf_clearfix\">\n\t\t\t    \t\t\t\t\t\t\t\t<a href=\"https:\/\/metodadin.pl\/test\/strefa-rodzica\/opowiesc-piata-magda\/\">\n\t\t\t\t\t\t\t\t<img loading=\"lazy\" decoding=\"async\" width=\"2048\" height=\"1363\" src=\"https:\/\/metodadin.pl\/test\/wp-content\/uploads\/2020\/10\/5.Rodzice.jpg\" class=\"wp-post-image wp-image-1411\" title=\"5.Rodzice\" alt=\"5.Rodzice\" srcset=\"https:\/\/metodadin.pl\/test\/wp-content\/uploads\/2020\/10\/5.Rodzice.jpg 2048w, https:\/\/metodadin.pl\/test\/wp-content\/uploads\/2020\/10\/5.Rodzice-300x200.jpg 300w, https:\/\/metodadin.pl\/test\/wp-content\/uploads\/2020\/10\/5.Rodzice-1024x682.jpg 1024w, https:\/\/metodadin.pl\/test\/wp-content\/uploads\/2020\/10\/5.Rodzice-768x511.jpg 768w, https:\/\/metodadin.pl\/test\/wp-content\/uploads\/2020\/10\/5.Rodzice-1536x1022.jpg 1536w, https:\/\/metodadin.pl\/test\/wp-content\/uploads\/2020\/10\/5.Rodzice-900x598.jpg 900w, https:\/\/metodadin.pl\/test\/wp-content\/uploads\/2020\/10\/5.Rodzice-1160x772.jpg 1160w\" sizes=\"(max-width: 2048px) 100vw, 2048px\" \/>\t\t\t\t\t\t\t\t    \t\t\t\t<\/a>\n\t\t\t\t\t\t\t    \t\t\t<\/figure>\n\t\t\t\t<div class=\"post-content\">\n\t\t<div class=\"post-content-inner\">\n\n\t\t\t\n\t\t\t<h2 class=\"post-title entry-title\"><a href=\"https:\/\/metodadin.pl\/test\/strefa-rodzica\/opowiesc-piata-magda\/\">Opowie\u015b\u0107 pi\u0105ta \u2013 Magda<\/a><\/h2>\n\t\t\t\n\t\t\t\n\t\t\t\t<div class=\"entry-content\">\n\n\t    \n\t<\/div><!-- \/.entry-content -->\n\t\n\t\t<\/div>\n\t\t<!-- \/.post-content-inner -->\n\t<\/div>\n\t<!-- \/.post-content -->\n\t\n<\/article>\n<!-- \/.post -->\n<article id=\"post-1442\" class=\"post tf_clearfix post-1442 type-post status-publish format-standard has-post-thumbnail hentry category-strefa-rodzica has-post-title no-post-date has-post-category has-post-tag has-post-comment has-post-author   cat-13\">\n\t    \n\t\t\t<a href=\"https:\/\/metodadin.pl\/test\/strefa-rodzica\/opowiesc-szosta-wiktoria\/\" aria-label=\"Opowie\u015b\u0107 sz\u00f3sta &#8211; Wiktoria\" data-post-permalink=\"yes\" style=\"display: none;\"><\/a>\n\t    \t\t\t<figure class=\"post-image tf_clearfix\">\n\t\t\t    \t\t\t\t\t\t\t\t<a href=\"https:\/\/metodadin.pl\/test\/strefa-rodzica\/opowiesc-szosta-wiktoria\/\">\n\t\t\t\t\t\t\t\t<img loading=\"lazy\" decoding=\"async\" width=\"2048\" height=\"1363\" src=\"https:\/\/metodadin.pl\/test\/wp-content\/uploads\/2020\/10\/6.Rodzice.jpg\" class=\"wp-post-image wp-image-1412\" title=\"6.Rodzice\" alt=\"6.Rodzice\" srcset=\"https:\/\/metodadin.pl\/test\/wp-content\/uploads\/2020\/10\/6.Rodzice.jpg 2048w, https:\/\/metodadin.pl\/test\/wp-content\/uploads\/2020\/10\/6.Rodzice-300x200.jpg 300w, https:\/\/metodadin.pl\/test\/wp-content\/uploads\/2020\/10\/6.Rodzice-1024x682.jpg 1024w, https:\/\/metodadin.pl\/test\/wp-content\/uploads\/2020\/10\/6.Rodzice-768x511.jpg 768w, https:\/\/metodadin.pl\/test\/wp-content\/uploads\/2020\/10\/6.Rodzice-1536x1022.jpg 1536w, https:\/\/metodadin.pl\/test\/wp-content\/uploads\/2020\/10\/6.Rodzice-1160x772.jpg 1160w, https:\/\/metodadin.pl\/test\/wp-content\/uploads\/2020\/10\/6.Rodzice-900x598.jpg 900w\" sizes=\"(max-width: 2048px) 100vw, 2048px\" \/>\t\t\t\t\t\t\t\t    \t\t\t\t<\/a>\n\t\t\t\t\t\t\t    \t\t\t<\/figure>\n\t\t\t\t<div class=\"post-content\">\n\t\t<div class=\"post-content-inner\">\n\n\t\t\t\n\t\t\t<h2 class=\"post-title entry-title\"><a href=\"https:\/\/metodadin.pl\/test\/strefa-rodzica\/opowiesc-szosta-wiktoria\/\">Opowie\u015b\u0107 sz\u00f3sta &#8211; Wiktoria<\/a><\/h2>\n\t\t\t\n\t\t\t\n\t\t\t\t<div class=\"entry-content\">\n\n\t    \n\t<\/div><!-- \/.entry-content -->\n\t\n\t\t<\/div>\n\t\t<!-- \/.post-content-inner -->\n\t<\/div>\n\t<!-- \/.post-content -->\n\t\n<\/article>\n<!-- \/.post -->\n<article id=\"post-1448\" class=\"post tf_clearfix post-1448 type-post status-publish format-standard has-post-thumbnail hentry category-strefa-rodzica has-post-title no-post-date has-post-category has-post-tag has-post-comment has-post-author   cat-13\">\n\t    \n\t\t\t<a href=\"https:\/\/metodadin.pl\/test\/strefa-rodzica\/opowiesc-siodma-fabian\/\" aria-label=\"Opowie\u015b\u0107 si\u00f3dma \u2013 Fabian\" data-post-permalink=\"yes\" style=\"display: none;\"><\/a>\n\t    \t\t\t<figure class=\"post-image tf_clearfix\">\n\t\t\t    \t\t\t\t\t\t\t\t<a href=\"https:\/\/metodadin.pl\/test\/strefa-rodzica\/opowiesc-siodma-fabian\/\">\n\t\t\t\t\t\t\t\t<img loading=\"lazy\" decoding=\"async\" width=\"2048\" height=\"1363\" src=\"https:\/\/metodadin.pl\/test\/wp-content\/uploads\/2020\/10\/7.Rodzice.jpg\" class=\"wp-post-image wp-image-1413\" title=\"7.Rodzice\" alt=\"7.Rodzice\" srcset=\"https:\/\/metodadin.pl\/test\/wp-content\/uploads\/2020\/10\/7.Rodzice.jpg 2048w, https:\/\/metodadin.pl\/test\/wp-content\/uploads\/2020\/10\/7.Rodzice-300x200.jpg 300w, https:\/\/metodadin.pl\/test\/wp-content\/uploads\/2020\/10\/7.Rodzice-1024x682.jpg 1024w, https:\/\/metodadin.pl\/test\/wp-content\/uploads\/2020\/10\/7.Rodzice-768x511.jpg 768w, https:\/\/metodadin.pl\/test\/wp-content\/uploads\/2020\/10\/7.Rodzice-1536x1022.jpg 1536w, https:\/\/metodadin.pl\/test\/wp-content\/uploads\/2020\/10\/7.Rodzice-900x598.jpg 900w, https:\/\/metodadin.pl\/test\/wp-content\/uploads\/2020\/10\/7.Rodzice-1160x772.jpg 1160w\" sizes=\"(max-width: 2048px) 100vw, 2048px\" \/>\t\t\t\t\t\t\t\t    \t\t\t\t<\/a>\n\t\t\t\t\t\t\t    \t\t\t<\/figure>\n\t\t\t\t<div class=\"post-content\">\n\t\t<div class=\"post-content-inner\">\n\n\t\t\t\n\t\t\t<h2 class=\"post-title entry-title\"><a href=\"https:\/\/metodadin.pl\/test\/strefa-rodzica\/opowiesc-siodma-fabian\/\">Opowie\u015b\u0107 si\u00f3dma \u2013 Fabian<\/a><\/h2>\n\t\t\t\n\t\t\t\n\t\t\t\t<div class=\"entry-content\">\n\n\t    \n\t<\/div><!-- \/.entry-content -->\n\t\n\t\t<\/div>\n\t\t<!-- \/.post-content-inner -->\n\t<\/div>\n\t<!-- \/.post-content -->\n\t\n<\/article>\n<!-- \/.post -->\n<article id=\"post-1450\" class=\"post tf_clearfix post-1450 type-post status-publish format-standard has-post-thumbnail hentry category-strefa-rodzica has-post-title no-post-date has-post-category has-post-tag has-post-comment has-post-author   cat-13\">\n\t    \n\t\t\t<a href=\"https:\/\/metodadin.pl\/test\/strefa-rodzica\/opowiesc-osma-ewa\/\" aria-label=\"Opowie\u015b\u0107 \u00f3sma &#8211; Ewa\" data-post-permalink=\"yes\" style=\"display: none;\"><\/a>\n\t    \t\t\t<figure class=\"post-image tf_clearfix\">\n\t\t\t    \t\t\t\t\t\t\t\t<a href=\"https:\/\/metodadin.pl\/test\/strefa-rodzica\/opowiesc-osma-ewa\/\">\n\t\t\t\t\t\t\t\t<img loading=\"lazy\" decoding=\"async\" width=\"2048\" height=\"1363\" src=\"https:\/\/metodadin.pl\/test\/wp-content\/uploads\/2020\/10\/8.Rodzice.jpg\" class=\"wp-post-image wp-image-1414\" title=\"8.Rodzice\" alt=\"8.Rodzice\" srcset=\"https:\/\/metodadin.pl\/test\/wp-content\/uploads\/2020\/10\/8.Rodzice.jpg 2048w, https:\/\/metodadin.pl\/test\/wp-content\/uploads\/2020\/10\/8.Rodzice-300x200.jpg 300w, https:\/\/metodadin.pl\/test\/wp-content\/uploads\/2020\/10\/8.Rodzice-1024x682.jpg 1024w, https:\/\/metodadin.pl\/test\/wp-content\/uploads\/2020\/10\/8.Rodzice-768x511.jpg 768w, https:\/\/metodadin.pl\/test\/wp-content\/uploads\/2020\/10\/8.Rodzice-1536x1022.jpg 1536w, https:\/\/metodadin.pl\/test\/wp-content\/uploads\/2020\/10\/8.Rodzice-1160x772.jpg 1160w, https:\/\/metodadin.pl\/test\/wp-content\/uploads\/2020\/10\/8.Rodzice-900x598.jpg 900w\" sizes=\"(max-width: 2048px) 100vw, 2048px\" \/>\t\t\t\t\t\t\t\t    \t\t\t\t<\/a>\n\t\t\t\t\t\t\t    \t\t\t<\/figure>\n\t\t\t\t<div class=\"post-content\">\n\t\t<div class=\"post-content-inner\">\n\n\t\t\t\n\t\t\t<h2 class=\"post-title entry-title\"><a href=\"https:\/\/metodadin.pl\/test\/strefa-rodzica\/opowiesc-osma-ewa\/\">Opowie\u015b\u0107 \u00f3sma &#8211; Ewa<\/a><\/h2>\n\t\t\t\n\t\t\t\n\t\t\t\t<div class=\"entry-content\">\n\n\t    \n\t<\/div><!-- \/.entry-content -->\n\t\n\t\t<\/div>\n\t\t<!-- \/.post-content-inner -->\n\t<\/div>\n\t<!-- \/.post-content -->\n\t\n<\/article>\n<!-- \/.post -->\n<article id=\"post-1456\" class=\"post tf_clearfix post-1456 type-post status-publish format-standard has-post-thumbnail hentry category-strefa-rodzica has-post-title no-post-date has-post-category has-post-tag has-post-comment has-post-author   cat-13\">\n\t    \n\t\t\t<a href=\"https:\/\/metodadin.pl\/test\/strefa-rodzica\/opowiesc-dziewiata-kuba-i-adas\/\" aria-label=\"Opowie\u015b\u0107 dziewi\u0105ta &#8211; Kuba i Ada\u015b\" data-post-permalink=\"yes\" style=\"display: none;\"><\/a>\n\t    \t\t\t<figure class=\"post-image tf_clearfix\">\n\t\t\t    \t\t\t\t\t\t\t\t<a href=\"https:\/\/metodadin.pl\/test\/strefa-rodzica\/opowiesc-dziewiata-kuba-i-adas\/\">\n\t\t\t\t\t\t\t\t<img loading=\"lazy\" decoding=\"async\" width=\"2048\" height=\"1363\" src=\"https:\/\/metodadin.pl\/test\/wp-content\/uploads\/2020\/10\/9.Rodzice.jpg\" class=\"wp-post-image wp-image-1415\" title=\"9.Rodzice\" alt=\"9.Rodzice\" srcset=\"https:\/\/metodadin.pl\/test\/wp-content\/uploads\/2020\/10\/9.Rodzice.jpg 2048w, https:\/\/metodadin.pl\/test\/wp-content\/uploads\/2020\/10\/9.Rodzice-300x200.jpg 300w, https:\/\/metodadin.pl\/test\/wp-content\/uploads\/2020\/10\/9.Rodzice-1024x682.jpg 1024w, https:\/\/metodadin.pl\/test\/wp-content\/uploads\/2020\/10\/9.Rodzice-768x511.jpg 768w, https:\/\/metodadin.pl\/test\/wp-content\/uploads\/2020\/10\/9.Rodzice-1536x1022.jpg 1536w, https:\/\/metodadin.pl\/test\/wp-content\/uploads\/2020\/10\/9.Rodzice-900x598.jpg 900w, https:\/\/metodadin.pl\/test\/wp-content\/uploads\/2020\/10\/9.Rodzice-1160x772.jpg 1160w\" sizes=\"(max-width: 2048px) 100vw, 2048px\" \/>\t\t\t\t\t\t\t\t    \t\t\t\t<\/a>\n\t\t\t\t\t\t\t    \t\t\t<\/figure>\n\t\t\t\t<div class=\"post-content\">\n\t\t<div class=\"post-content-inner\">\n\n\t\t\t\n\t\t\t<h2 class=\"post-title entry-title\"><a href=\"https:\/\/metodadin.pl\/test\/strefa-rodzica\/opowiesc-dziewiata-kuba-i-adas\/\">Opowie\u015b\u0107 dziewi\u0105ta &#8211; Kuba i Ada\u015b<\/a><\/h2>\n\t\t\t\n\t\t\t\n\t\t\t\t<div class=\"entry-content\">\n\n\t    \n\t<\/div><!-- \/.entry-content -->\n\t\n\t\t<\/div>\n\t\t<!-- \/.post-content-inner -->\n\t<\/div>\n\t<!-- \/.post-content -->\n\t\n<\/article>\n<!-- \/.post -->\n<article id=\"post-1458\" class=\"post tf_clearfix post-1458 type-post status-publish format-standard has-post-thumbnail hentry category-strefa-rodzica has-post-title no-post-date has-post-category has-post-tag has-post-comment has-post-author   cat-13\">\n\t    \n\t\t\t<a href=\"https:\/\/metodadin.pl\/test\/strefa-rodzica\/opowiesc-dziesiata-karolina\/\" aria-label=\"Opowie\u015b\u0107 dziesi\u0105ta \u2013 Karolina\" data-post-permalink=\"yes\" style=\"display: none;\"><\/a>\n\t    \t\t\t<figure class=\"post-image tf_clearfix\">\n\t\t\t    \t\t\t\t\t\t\t\t<a href=\"https:\/\/metodadin.pl\/test\/strefa-rodzica\/opowiesc-dziesiata-karolina\/\">\n\t\t\t\t\t\t\t\t<img loading=\"lazy\" decoding=\"async\" width=\"2048\" height=\"1363\" src=\"https:\/\/metodadin.pl\/test\/wp-content\/uploads\/2020\/10\/10.Rodzice.jpg\" class=\"wp-post-image wp-image-1417\" title=\"10.Rodzice\" alt=\"10.Rodzice\" srcset=\"https:\/\/metodadin.pl\/test\/wp-content\/uploads\/2020\/10\/10.Rodzice.jpg 2048w, https:\/\/metodadin.pl\/test\/wp-content\/uploads\/2020\/10\/10.Rodzice-300x200.jpg 300w, https:\/\/metodadin.pl\/test\/wp-content\/uploads\/2020\/10\/10.Rodzice-1024x682.jpg 1024w, https:\/\/metodadin.pl\/test\/wp-content\/uploads\/2020\/10\/10.Rodzice-768x511.jpg 768w, https:\/\/metodadin.pl\/test\/wp-content\/uploads\/2020\/10\/10.Rodzice-1536x1022.jpg 1536w, https:\/\/metodadin.pl\/test\/wp-content\/uploads\/2020\/10\/10.Rodzice-900x598.jpg 900w, https:\/\/metodadin.pl\/test\/wp-content\/uploads\/2020\/10\/10.Rodzice-1160x772.jpg 1160w\" sizes=\"(max-width: 2048px) 100vw, 2048px\" \/>\t\t\t\t\t\t\t\t    \t\t\t\t<\/a>\n\t\t\t\t\t\t\t    \t\t\t<\/figure>\n\t\t\t\t<div class=\"post-content\">\n\t\t<div class=\"post-content-inner\">\n\n\t\t\t\n\t\t\t<h2 class=\"post-title entry-title\"><a href=\"https:\/\/metodadin.pl\/test\/strefa-rodzica\/opowiesc-dziesiata-karolina\/\">Opowie\u015b\u0107 dziesi\u0105ta \u2013 Karolina<\/a><\/h2>\n\t\t\t\n\t\t\t\n\t\t\t\t<div class=\"entry-content\">\n\n\t    \n\t<\/div><!-- \/.entry-content -->\n\t\n\t\t<\/div>\n\t\t<!-- \/.post-content-inner -->\n\t<\/div>\n\t<!-- \/.post-content -->\n\t\n<\/article>\n<!-- \/.post -->\n    <\/div><!-- .builder-posts-wrap -->\n        <\/div>\n<!-- \/module post -->\n\t        <\/div>\n\t    \t<\/div>\n\t\t    <\/div>\n\t    <!-- \/row_inner -->\n\t<\/div>\n\t<!-- \/module_row -->\n\t<\/div>\n<!--\/themify_builder_content-->\n","protected":false},"excerpt":{"rendered":"","protected":false},"author":1,"featured_media":0,"parent":0,"menu_order":0,"comment_status":"closed","ping_status":"closed","template":"","meta":{"footnotes":""},"yoast_head":"<!-- This site is optimized with the Yoast SEO plugin v16.2 - https:\/\/yoast.com\/wordpress\/plugins\/seo\/ -->\n<title>Strefa rodzica - Fundacja Fonia<\/title>\n<meta name=\"robots\" content=\"noindex, follow, max-snippet:-1, max-image-preview:large, max-video-preview:-1\" \/>\n<meta property=\"og:locale\" content=\"pl_PL\" \/>\n<meta property=\"og:type\" content=\"article\" \/>\n<meta property=\"og:title\" content=\"Strefa rodzica - Fundacja Fonia\" \/>\n<meta property=\"og:url\" content=\"https:\/\/metodadin.pl\/test\/strefa-rodzica\/\" \/>\n<meta property=\"og:site_name\" content=\"Fundacja Fonia\" \/>\n<meta property=\"article:modified_time\" content=\"2020-10-18T13:51:31+00:00\" \/>\n<meta name=\"twitter:card\" content=\"summary_large_image\" \/>\n<script type=\"application\/ld+json\" class=\"yoast-schema-graph\">{\"@context\":\"https:\/\/schema.org\",\"@graph\":[{\"@type\":\"WebSite\",\"@id\":\"https:\/\/metodadin.pl\/test\/#website\",\"url\":\"https:\/\/metodadin.pl\/test\/\",\"name\":\"Fundacja Fonia\",\"description\":\"Fundacja Fonia\",\"potentialAction\":[{\"@type\":\"SearchAction\",\"target\":\"https:\/\/metodadin.pl\/test\/?s={search_term_string}\",\"query-input\":\"required name=search_term_string\"}],\"inLanguage\":\"pl-PL\"},{\"@type\":\"WebPage\",\"@id\":\"https:\/\/metodadin.pl\/test\/strefa-rodzica\/#webpage\",\"url\":\"https:\/\/metodadin.pl\/test\/strefa-rodzica\/\",\"name\":\"Strefa rodzica - Fundacja Fonia\",\"isPartOf\":{\"@id\":\"https:\/\/metodadin.pl\/test\/#website\"},\"datePublished\":\"2020-09-20T13:50:49+00:00\",\"dateModified\":\"2020-10-18T13:51:31+00:00\",\"breadcrumb\":{\"@id\":\"https:\/\/metodadin.pl\/test\/strefa-rodzica\/#breadcrumb\"},\"inLanguage\":\"pl-PL\",\"potentialAction\":[{\"@type\":\"ReadAction\",\"target\":[\"https:\/\/metodadin.pl\/test\/strefa-rodzica\/\"]}]},{\"@type\":\"BreadcrumbList\",\"@id\":\"https:\/\/metodadin.pl\/test\/strefa-rodzica\/#breadcrumb\",\"itemListElement\":[{\"@type\":\"ListItem\",\"position\":1,\"item\":{\"@type\":\"WebPage\",\"@id\":\"https:\/\/metodadin.pl\/test\/\",\"url\":\"https:\/\/metodadin.pl\/test\/\",\"name\":\"Strona g\\u0142\\u00f3wna\"}},{\"@type\":\"ListItem\",\"position\":2,\"item\":{\"@id\":\"https:\/\/metodadin.pl\/test\/strefa-rodzica\/#webpage\"}}]}]}<\/script>\n<!-- \/ Yoast SEO plugin. -->","_links":{"self":[{"href":"https:\/\/metodadin.pl\/test\/wp-json\/wp\/v2\/pages\/239"}],"collection":[{"href":"https:\/\/metodadin.pl\/test\/wp-json\/wp\/v2\/pages"}],"about":[{"href":"https:\/\/metodadin.pl\/test\/wp-json\/wp\/v2\/types\/page"}],"author":[{"embeddable":true,"href":"https:\/\/metodadin.pl\/test\/wp-json\/wp\/v2\/users\/1"}],"replies":[{"embeddable":true,"href":"https:\/\/metodadin.pl\/test\/wp-json\/wp\/v2\/comments?post=239"}],"version-history":[{"count":7,"href":"https:\/\/metodadin.pl\/test\/wp-json\/wp\/v2\/pages\/239\/revisions"}],"predecessor-version":[{"id":1463,"href":"https:\/\/metodadin.pl\/test\/wp-json\/wp\/v2\/pages\/239\/revisions\/1463"}],"wp:attachment":[{"href":"https:\/\/metodadin.pl\/test\/wp-json\/wp\/v2\/media?parent=239"}],"curies":[{"name":"wp","href":"https:\/\/api.w.org\/{rel}","templated":true}]}}