{"id":1243,"date":"2020-10-17T09:45:20","date_gmt":"2020-10-17T07:45:20","guid":{"rendered":"https:\/\/metodadin.pl\/test\/?page_id=1243"},"modified":"2020-10-18T15:52:06","modified_gmt":"2020-10-18T13:52:06","slug":"psychologia-w-opowiesciach","status":"publish","type":"page","link":"https:\/\/metodadin.pl\/test\/psychologia-w-opowiesciach\/","title":{"rendered":"Psychologia w opowie\u015bciach"},"content":{"rendered":"<!--themify_builder_content-->\n<div id=\"themify_builder_content-1243\" data-postid=\"1243\" class=\"themify_builder_content themify_builder_content-1243 themify_builder tf_clear\">\n    \t<!-- module_row -->\n\t<div  data-lazy=\"1\" class=\"module_row themify_builder_row tb_hdog503 tb_first tf_clearfix\">\n\t    \t\t<div class=\"row_inner col_align_top tf_box tf_w tf_rel\">\n\t\t\t<div  data-lazy=\"1\" class=\"module_column tb-column col-full first tb_d9qk504 tf_box\">\n\t    \t    \t        <div class=\"tb-column-inner tf_box tf_w\">\n\t\t    <!-- module post -->\n<div  class=\"module module-post tb_rl1i567 \">\n        <div  class=\"builder-posts-wrap loops-wrapper grid2 boxed tf_clear tf_clearfix\" data-lazy=\"1\">\n\t<article id=\"post-1246\" class=\"post tf_clearfix post-1246 type-post status-publish format-standard has-post-thumbnail hentry category-psychologia-w-opowiesciach has-post-title no-post-date has-post-category has-post-tag has-post-comment has-post-author   cat-12\">\n\t    \n\t\t\t<a href=\"https:\/\/metodadin.pl\/test\/psychologia-w-opowiesciach\/opowiesc-pierwsza-wedkujace-misie\/\" aria-label=\"Opowie\u015b\u0107 pierwsza- W\u0119dkuj\u0105ce misie\" data-post-permalink=\"yes\" style=\"display: none;\"><\/a>\n\t    \t\t\t<figure class=\"post-image tf_clearfix\">\n\t\t\t    \t\t\t\t\t\t\t\t<a href=\"https:\/\/metodadin.pl\/test\/psychologia-w-opowiesciach\/opowiesc-pierwsza-wedkujace-misie\/\">\n\t\t\t\t\t\t\t\t<img loading=\"lazy\" decoding=\"async\" width=\"2048\" height=\"1363\" src=\"https:\/\/metodadin.pl\/test\/wp-content\/uploads\/2020\/10\/Psychologia1.jpg\" class=\"wp-post-image wp-image-1248\" title=\"Psychologia1\" alt=\"Psychologia1\" srcset=\"https:\/\/metodadin.pl\/test\/wp-content\/uploads\/2020\/10\/Psychologia1.jpg 2048w, https:\/\/metodadin.pl\/test\/wp-content\/uploads\/2020\/10\/Psychologia1-300x200.jpg 300w, https:\/\/metodadin.pl\/test\/wp-content\/uploads\/2020\/10\/Psychologia1-1024x682.jpg 1024w, https:\/\/metodadin.pl\/test\/wp-content\/uploads\/2020\/10\/Psychologia1-768x511.jpg 768w, https:\/\/metodadin.pl\/test\/wp-content\/uploads\/2020\/10\/Psychologia1-1536x1022.jpg 1536w, https:\/\/metodadin.pl\/test\/wp-content\/uploads\/2020\/10\/Psychologia1-900x598.jpg 900w, https:\/\/metodadin.pl\/test\/wp-content\/uploads\/2020\/10\/Psychologia1-1160x772.jpg 1160w\" sizes=\"(max-width: 2048px) 100vw, 2048px\" \/>\t\t\t\t\t\t\t\t    \t\t\t\t<\/a>\n\t\t\t\t\t\t\t    \t\t\t<\/figure>\n\t\t\t\t<div class=\"post-content\">\n\t\t<div class=\"post-content-inner\">\n\n\t\t\t\n\t\t\t<h2 class=\"post-title entry-title\"><a href=\"https:\/\/metodadin.pl\/test\/psychologia-w-opowiesciach\/opowiesc-pierwsza-wedkujace-misie\/\">Opowie\u015b\u0107 pierwsza- W\u0119dkuj\u0105ce misie<\/a><\/h2>\n\t\t\t\n\t\t\t\n\t\t\t\t<div class=\"entry-content\">\n\n\t    \n\t<\/div><!-- \/.entry-content -->\n\t\n\t\t<\/div>\n\t\t<!-- \/.post-content-inner -->\n\t<\/div>\n\t<!-- \/.post-content -->\n\t\n<\/article>\n<!-- \/.post -->\n<article id=\"post-1256\" class=\"post tf_clearfix post-1256 type-post status-publish format-standard has-post-thumbnail hentry category-psychologia-w-opowiesciach has-post-title no-post-date has-post-category has-post-tag has-post-comment has-post-author   cat-12\">\n\t    \n\t\t\t<a href=\"https:\/\/metodadin.pl\/test\/psychologia-w-opowiesciach\/opowiesc-druga-swierszcz-i-mrowki\/\" aria-label=\"Opowie\u015b\u0107 druga \u2013 \u015awierszcz i mr\u00f3wki\" data-post-permalink=\"yes\" style=\"display: none;\"><\/a>\n\t    \t\t\t<figure class=\"post-image tf_clearfix\">\n\t\t\t    \t\t\t\t\t\t\t\t<a href=\"https:\/\/metodadin.pl\/test\/psychologia-w-opowiesciach\/opowiesc-druga-swierszcz-i-mrowki\/\">\n\t\t\t\t\t\t\t\t<img loading=\"lazy\" decoding=\"async\" width=\"2048\" height=\"1363\" src=\"https:\/\/metodadin.pl\/test\/wp-content\/uploads\/2020\/10\/Psychologia2.jpg\" class=\"wp-post-image wp-image-1249\" title=\"Psychologia2\" alt=\"Psychologia2\" srcset=\"https:\/\/metodadin.pl\/test\/wp-content\/uploads\/2020\/10\/Psychologia2.jpg 2048w, https:\/\/metodadin.pl\/test\/wp-content\/uploads\/2020\/10\/Psychologia2-300x200.jpg 300w, https:\/\/metodadin.pl\/test\/wp-content\/uploads\/2020\/10\/Psychologia2-1024x682.jpg 1024w, https:\/\/metodadin.pl\/test\/wp-content\/uploads\/2020\/10\/Psychologia2-768x511.jpg 768w, https:\/\/metodadin.pl\/test\/wp-content\/uploads\/2020\/10\/Psychologia2-1536x1022.jpg 1536w, https:\/\/metodadin.pl\/test\/wp-content\/uploads\/2020\/10\/Psychologia2-900x598.jpg 900w, https:\/\/metodadin.pl\/test\/wp-content\/uploads\/2020\/10\/Psychologia2-1160x772.jpg 1160w\" sizes=\"(max-width: 2048px) 100vw, 2048px\" \/>\t\t\t\t\t\t\t\t    \t\t\t\t<\/a>\n\t\t\t\t\t\t\t    \t\t\t<\/figure>\n\t\t\t\t<div class=\"post-content\">\n\t\t<div class=\"post-content-inner\">\n\n\t\t\t\n\t\t\t<h2 class=\"post-title entry-title\"><a href=\"https:\/\/metodadin.pl\/test\/psychologia-w-opowiesciach\/opowiesc-druga-swierszcz-i-mrowki\/\">Opowie\u015b\u0107 druga \u2013 \u015awierszcz i mr\u00f3wki<\/a><\/h2>\n\t\t\t\n\t\t\t\n\t\t\t\t<div class=\"entry-content\">\n\n\t    \n\t<\/div><!-- \/.entry-content -->\n\t\n\t\t<\/div>\n\t\t<!-- \/.post-content-inner -->\n\t<\/div>\n\t<!-- \/.post-content -->\n\t\n<\/article>\n<!-- \/.post -->\n<article id=\"post-1267\" class=\"post tf_clearfix post-1267 type-post status-publish format-standard has-post-thumbnail hentry category-psychologia-w-opowiesciach has-post-title no-post-date has-post-category has-post-tag has-post-comment has-post-author   cat-12\">\n\t    \n\t\t\t<a href=\"https:\/\/metodadin.pl\/test\/psychologia-w-opowiesciach\/opowiesc-trzecia-pawel-i-gawel\/\" aria-label=\"Opowie\u015b\u0107 trzecia \u2013 Pawe\u0142 i Gawe\u0142\" data-post-permalink=\"yes\" style=\"display: none;\"><\/a>\n\t    \t\t\t<figure class=\"post-image tf_clearfix\">\n\t\t\t    \t\t\t\t\t\t\t\t<a href=\"https:\/\/metodadin.pl\/test\/psychologia-w-opowiesciach\/opowiesc-trzecia-pawel-i-gawel\/\">\n\t\t\t\t\t\t\t\t<img loading=\"lazy\" decoding=\"async\" width=\"2048\" height=\"1363\" src=\"https:\/\/metodadin.pl\/test\/wp-content\/uploads\/2020\/10\/Psychologia3.jpg\" class=\"wp-post-image wp-image-1250\" title=\"Psychologia3\" alt=\"Psychologia3\" srcset=\"https:\/\/metodadin.pl\/test\/wp-content\/uploads\/2020\/10\/Psychologia3.jpg 2048w, https:\/\/metodadin.pl\/test\/wp-content\/uploads\/2020\/10\/Psychologia3-300x200.jpg 300w, https:\/\/metodadin.pl\/test\/wp-content\/uploads\/2020\/10\/Psychologia3-1024x682.jpg 1024w, https:\/\/metodadin.pl\/test\/wp-content\/uploads\/2020\/10\/Psychologia3-768x511.jpg 768w, https:\/\/metodadin.pl\/test\/wp-content\/uploads\/2020\/10\/Psychologia3-1536x1022.jpg 1536w, https:\/\/metodadin.pl\/test\/wp-content\/uploads\/2020\/10\/Psychologia3-900x598.jpg 900w, https:\/\/metodadin.pl\/test\/wp-content\/uploads\/2020\/10\/Psychologia3-1160x772.jpg 1160w\" sizes=\"(max-width: 2048px) 100vw, 2048px\" \/>\t\t\t\t\t\t\t\t    \t\t\t\t<\/a>\n\t\t\t\t\t\t\t    \t\t\t<\/figure>\n\t\t\t\t<div class=\"post-content\">\n\t\t<div class=\"post-content-inner\">\n\n\t\t\t\n\t\t\t<h2 class=\"post-title entry-title\"><a href=\"https:\/\/metodadin.pl\/test\/psychologia-w-opowiesciach\/opowiesc-trzecia-pawel-i-gawel\/\">Opowie\u015b\u0107 trzecia \u2013 Pawe\u0142 i Gawe\u0142<\/a><\/h2>\n\t\t\t\n\t\t\t\n\t\t\t\t<div class=\"entry-content\">\n\n\t    \n\t<\/div><!-- \/.entry-content -->\n\t\n\t\t<\/div>\n\t\t<!-- \/.post-content-inner -->\n\t<\/div>\n\t<!-- \/.post-content -->\n\t\n<\/article>\n<!-- \/.post -->\n<article id=\"post-1270\" class=\"post tf_clearfix post-1270 type-post status-publish format-standard has-post-thumbnail hentry category-psychologia-w-opowiesciach has-post-title no-post-date has-post-category has-post-tag has-post-comment has-post-author   cat-12\">\n\t    \n\t\t\t<a href=\"https:\/\/metodadin.pl\/test\/psychologia-w-opowiesciach\/opowiesc-czwarta-balagan\/\" aria-label=\"Opowie\u015b\u0107 czwarta \u2013 Ba\u0142agan\" data-post-permalink=\"yes\" style=\"display: none;\"><\/a>\n\t    \t\t\t<figure class=\"post-image tf_clearfix\">\n\t\t\t    \t\t\t\t\t\t\t\t<a href=\"https:\/\/metodadin.pl\/test\/psychologia-w-opowiesciach\/opowiesc-czwarta-balagan\/\">\n\t\t\t\t\t\t\t\t<img loading=\"lazy\" decoding=\"async\" width=\"2048\" height=\"1363\" src=\"https:\/\/metodadin.pl\/test\/wp-content\/uploads\/2020\/10\/Psychologia4.jpg\" class=\"wp-post-image wp-image-1251\" title=\"Psychologia4\" alt=\"Psychologia4\" srcset=\"https:\/\/metodadin.pl\/test\/wp-content\/uploads\/2020\/10\/Psychologia4.jpg 2048w, https:\/\/metodadin.pl\/test\/wp-content\/uploads\/2020\/10\/Psychologia4-300x200.jpg 300w, https:\/\/metodadin.pl\/test\/wp-content\/uploads\/2020\/10\/Psychologia4-1024x682.jpg 1024w, https:\/\/metodadin.pl\/test\/wp-content\/uploads\/2020\/10\/Psychologia4-768x511.jpg 768w, https:\/\/metodadin.pl\/test\/wp-content\/uploads\/2020\/10\/Psychologia4-1536x1022.jpg 1536w, https:\/\/metodadin.pl\/test\/wp-content\/uploads\/2020\/10\/Psychologia4-900x598.jpg 900w, https:\/\/metodadin.pl\/test\/wp-content\/uploads\/2020\/10\/Psychologia4-1160x772.jpg 1160w\" sizes=\"(max-width: 2048px) 100vw, 2048px\" \/>\t\t\t\t\t\t\t\t    \t\t\t\t<\/a>\n\t\t\t\t\t\t\t    \t\t\t<\/figure>\n\t\t\t\t<div class=\"post-content\">\n\t\t<div class=\"post-content-inner\">\n\n\t\t\t\n\t\t\t<h2 class=\"post-title entry-title\"><a href=\"https:\/\/metodadin.pl\/test\/psychologia-w-opowiesciach\/opowiesc-czwarta-balagan\/\">Opowie\u015b\u0107 czwarta \u2013 Ba\u0142agan<\/a><\/h2>\n\t\t\t\n\t\t\t\n\t\t\t\t<div class=\"entry-content\">\n\n\t    \n\t<\/div><!-- \/.entry-content -->\n\t\n\t\t<\/div>\n\t\t<!-- \/.post-content-inner -->\n\t<\/div>\n\t<!-- \/.post-content -->\n\t\n<\/article>\n<!-- \/.post -->\n<article id=\"post-1276\" class=\"post tf_clearfix post-1276 type-post status-publish format-standard has-post-thumbnail hentry category-psychologia-w-opowiesciach has-post-title no-post-date has-post-category has-post-tag has-post-comment has-post-author   cat-12\">\n\t    \n\t\t\t<a href=\"https:\/\/metodadin.pl\/test\/psychologia-w-opowiesciach\/opowiesc-piata-biedronka-i-zuk\/\" aria-label=\"Opowie\u015b\u0107 pi\u0105ta \u2013 Biedronka i \u017cuk\" data-post-permalink=\"yes\" style=\"display: none;\"><\/a>\n\t    \t\t\t<figure class=\"post-image tf_clearfix\">\n\t\t\t    \t\t\t\t\t\t\t\t<a href=\"https:\/\/metodadin.pl\/test\/psychologia-w-opowiesciach\/opowiesc-piata-biedronka-i-zuk\/\">\n\t\t\t\t\t\t\t\t<img loading=\"lazy\" decoding=\"async\" width=\"2048\" height=\"1363\" src=\"https:\/\/metodadin.pl\/test\/wp-content\/uploads\/2020\/10\/Psychologia5.jpg\" class=\"wp-post-image wp-image-1252\" title=\"Psychologia5\" alt=\"Psychologia5\" srcset=\"https:\/\/metodadin.pl\/test\/wp-content\/uploads\/2020\/10\/Psychologia5.jpg 2048w, https:\/\/metodadin.pl\/test\/wp-content\/uploads\/2020\/10\/Psychologia5-300x200.jpg 300w, https:\/\/metodadin.pl\/test\/wp-content\/uploads\/2020\/10\/Psychologia5-1024x682.jpg 1024w, https:\/\/metodadin.pl\/test\/wp-content\/uploads\/2020\/10\/Psychologia5-768x511.jpg 768w, https:\/\/metodadin.pl\/test\/wp-content\/uploads\/2020\/10\/Psychologia5-1536x1022.jpg 1536w, https:\/\/metodadin.pl\/test\/wp-content\/uploads\/2020\/10\/Psychologia5-900x598.jpg 900w, https:\/\/metodadin.pl\/test\/wp-content\/uploads\/2020\/10\/Psychologia5-1160x772.jpg 1160w\" sizes=\"(max-width: 2048px) 100vw, 2048px\" \/>\t\t\t\t\t\t\t\t    \t\t\t\t<\/a>\n\t\t\t\t\t\t\t    \t\t\t<\/figure>\n\t\t\t\t<div class=\"post-content\">\n\t\t<div class=\"post-content-inner\">\n\n\t\t\t\n\t\t\t<h2 class=\"post-title entry-title\"><a href=\"https:\/\/metodadin.pl\/test\/psychologia-w-opowiesciach\/opowiesc-piata-biedronka-i-zuk\/\">Opowie\u015b\u0107 pi\u0105ta \u2013 Biedronka i \u017cuk<\/a><\/h2>\n\t\t\t\n\t\t\t\n\t\t\t\t<div class=\"entry-content\">\n\n\t    \n\t<\/div><!-- \/.entry-content -->\n\t\n\t\t<\/div>\n\t\t<!-- \/.post-content-inner -->\n\t<\/div>\n\t<!-- \/.post-content -->\n\t\n<\/article>\n<!-- \/.post -->\n<article id=\"post-1355\" class=\"post tf_clearfix post-1355 type-post status-publish format-standard has-post-thumbnail hentry category-psychologia-w-opowiesciach has-post-title no-post-date has-post-category has-post-tag has-post-comment has-post-author   cat-12\">\n\t    \n\t\t\t<a href=\"https:\/\/metodadin.pl\/test\/psychologia-w-opowiesciach\/opowiesc-szosta-jas-i-malgosia\/\" aria-label=\"Opowie\u015b\u0107 sz\u00f3sta \u2013 Ja\u015b i Ma\u0142gosia\" data-post-permalink=\"yes\" style=\"display: none;\"><\/a>\n\t    \t\t\t<figure class=\"post-image tf_clearfix\">\n\t\t\t    \t\t\t\t\t\t\t\t<a href=\"https:\/\/metodadin.pl\/test\/psychologia-w-opowiesciach\/opowiesc-szosta-jas-i-malgosia\/\">\n\t\t\t\t\t\t\t\t<img loading=\"lazy\" decoding=\"async\" width=\"2048\" height=\"1363\" src=\"https:\/\/metodadin.pl\/test\/wp-content\/uploads\/2020\/10\/Psychologia6.jpg\" class=\"wp-post-image wp-image-1253\" title=\"Psychologia6\" alt=\"Psychologia6\" srcset=\"https:\/\/metodadin.pl\/test\/wp-content\/uploads\/2020\/10\/Psychologia6.jpg 2048w, https:\/\/metodadin.pl\/test\/wp-content\/uploads\/2020\/10\/Psychologia6-300x200.jpg 300w, https:\/\/metodadin.pl\/test\/wp-content\/uploads\/2020\/10\/Psychologia6-1024x682.jpg 1024w, https:\/\/metodadin.pl\/test\/wp-content\/uploads\/2020\/10\/Psychologia6-768x511.jpg 768w, https:\/\/metodadin.pl\/test\/wp-content\/uploads\/2020\/10\/Psychologia6-1536x1022.jpg 1536w, https:\/\/metodadin.pl\/test\/wp-content\/uploads\/2020\/10\/Psychologia6-900x598.jpg 900w, https:\/\/metodadin.pl\/test\/wp-content\/uploads\/2020\/10\/Psychologia6-1160x772.jpg 1160w\" sizes=\"(max-width: 2048px) 100vw, 2048px\" \/>\t\t\t\t\t\t\t\t    \t\t\t\t<\/a>\n\t\t\t\t\t\t\t    \t\t\t<\/figure>\n\t\t\t\t<div class=\"post-content\">\n\t\t<div class=\"post-content-inner\">\n\n\t\t\t\n\t\t\t<h2 class=\"post-title entry-title\"><a href=\"https:\/\/metodadin.pl\/test\/psychologia-w-opowiesciach\/opowiesc-szosta-jas-i-malgosia\/\">Opowie\u015b\u0107 sz\u00f3sta \u2013 Ja\u015b i Ma\u0142gosia<\/a><\/h2>\n\t\t\t\n\t\t\t\n\t\t\t\t<div class=\"entry-content\">\n\n\t    \n\t<\/div><!-- \/.entry-content -->\n\t\n\t\t<\/div>\n\t\t<!-- \/.post-content-inner -->\n\t<\/div>\n\t<!-- \/.post-content -->\n\t\n<\/article>\n<!-- \/.post -->\n<article id=\"post-1371\" class=\"post tf_clearfix post-1371 type-post status-publish format-standard has-post-thumbnail hentry category-psychologia-w-opowiesciach has-post-title no-post-date has-post-category has-post-tag has-post-comment has-post-author   cat-12\">\n\t    \n\t\t\t<a href=\"https:\/\/metodadin.pl\/test\/psychologia-w-opowiesciach\/opowiesc-siodma-smutna-jablonka\/\" aria-label=\"Opowie\u015b\u0107 si\u00f3dma \u2013 Smutna Jab\u0142onka\" data-post-permalink=\"yes\" style=\"display: none;\"><\/a>\n\t    \t\t\t<figure class=\"post-image tf_clearfix\">\n\t\t\t    \t\t\t\t\t\t\t\t<a href=\"https:\/\/metodadin.pl\/test\/psychologia-w-opowiesciach\/opowiesc-siodma-smutna-jablonka\/\">\n\t\t\t\t\t\t\t\t<img loading=\"lazy\" decoding=\"async\" width=\"2048\" height=\"1363\" src=\"https:\/\/metodadin.pl\/test\/wp-content\/uploads\/2020\/10\/Psychologia7.jpg\" class=\"wp-post-image wp-image-1254\" title=\"Psychologia7\" alt=\"Psychologia7\" srcset=\"https:\/\/metodadin.pl\/test\/wp-content\/uploads\/2020\/10\/Psychologia7.jpg 2048w, https:\/\/metodadin.pl\/test\/wp-content\/uploads\/2020\/10\/Psychologia7-300x200.jpg 300w, https:\/\/metodadin.pl\/test\/wp-content\/uploads\/2020\/10\/Psychologia7-1024x682.jpg 1024w, https:\/\/metodadin.pl\/test\/wp-content\/uploads\/2020\/10\/Psychologia7-768x511.jpg 768w, https:\/\/metodadin.pl\/test\/wp-content\/uploads\/2020\/10\/Psychologia7-1536x1022.jpg 1536w, https:\/\/metodadin.pl\/test\/wp-content\/uploads\/2020\/10\/Psychologia7-900x598.jpg 900w, https:\/\/metodadin.pl\/test\/wp-content\/uploads\/2020\/10\/Psychologia7-1160x772.jpg 1160w\" sizes=\"(max-width: 2048px) 100vw, 2048px\" \/>\t\t\t\t\t\t\t\t    \t\t\t\t<\/a>\n\t\t\t\t\t\t\t    \t\t\t<\/figure>\n\t\t\t\t<div class=\"post-content\">\n\t\t<div class=\"post-content-inner\">\n\n\t\t\t\n\t\t\t<h2 class=\"post-title entry-title\"><a href=\"https:\/\/metodadin.pl\/test\/psychologia-w-opowiesciach\/opowiesc-siodma-smutna-jablonka\/\">Opowie\u015b\u0107 si\u00f3dma \u2013 Smutna Jab\u0142onka<\/a><\/h2>\n\t\t\t\n\t\t\t\n\t\t\t\t<div class=\"entry-content\">\n\n\t    \n\t<\/div><!-- \/.entry-content -->\n\t\n\t\t<\/div>\n\t\t<!-- \/.post-content-inner -->\n\t<\/div>\n\t<!-- \/.post-content -->\n\t\n<\/article>\n<!-- \/.post -->\n<article id=\"post-1378\" class=\"post tf_clearfix post-1378 type-post status-publish format-standard has-post-thumbnail hentry category-psychologia-w-opowiesciach has-post-title no-post-date has-post-category has-post-tag has-post-comment has-post-author   cat-12\">\n\t    \n\t\t\t<a href=\"https:\/\/metodadin.pl\/test\/psychologia-w-opowiesciach\/opowiesc-osma-psota-zajaczka\/\" aria-label=\"Opowie\u015b\u0107 \u00f3sma \u2013 Psota zaj\u0105czka\" data-post-permalink=\"yes\" style=\"display: none;\"><\/a>\n\t    \t\t\t<figure class=\"post-image tf_clearfix\">\n\t\t\t    \t\t\t\t\t\t\t\t<a href=\"https:\/\/metodadin.pl\/test\/psychologia-w-opowiesciach\/opowiesc-osma-psota-zajaczka\/\">\n\t\t\t\t\t\t\t\t<img loading=\"lazy\" decoding=\"async\" width=\"2048\" height=\"1363\" src=\"https:\/\/metodadin.pl\/test\/wp-content\/uploads\/2020\/10\/Psychologia8.jpg\" class=\"wp-post-image wp-image-1375\" title=\"Psychologia8\" alt=\"Psychologia8\" srcset=\"https:\/\/metodadin.pl\/test\/wp-content\/uploads\/2020\/10\/Psychologia8.jpg 2048w, https:\/\/metodadin.pl\/test\/wp-content\/uploads\/2020\/10\/Psychologia8-300x200.jpg 300w, https:\/\/metodadin.pl\/test\/wp-content\/uploads\/2020\/10\/Psychologia8-1024x682.jpg 1024w, https:\/\/metodadin.pl\/test\/wp-content\/uploads\/2020\/10\/Psychologia8-768x511.jpg 768w, https:\/\/metodadin.pl\/test\/wp-content\/uploads\/2020\/10\/Psychologia8-1536x1022.jpg 1536w, https:\/\/metodadin.pl\/test\/wp-content\/uploads\/2020\/10\/Psychologia8-900x598.jpg 900w, https:\/\/metodadin.pl\/test\/wp-content\/uploads\/2020\/10\/Psychologia8-1160x772.jpg 1160w\" sizes=\"(max-width: 2048px) 100vw, 2048px\" \/>\t\t\t\t\t\t\t\t    \t\t\t\t<\/a>\n\t\t\t\t\t\t\t    \t\t\t<\/figure>\n\t\t\t\t<div class=\"post-content\">\n\t\t<div class=\"post-content-inner\">\n\n\t\t\t\n\t\t\t<h2 class=\"post-title entry-title\"><a href=\"https:\/\/metodadin.pl\/test\/psychologia-w-opowiesciach\/opowiesc-osma-psota-zajaczka\/\">Opowie\u015b\u0107 \u00f3sma \u2013 Psota zaj\u0105czka<\/a><\/h2>\n\t\t\t\n\t\t\t\n\t\t\t\t<div class=\"entry-content\">\n\n\t    \n\t<\/div><!-- \/.entry-content -->\n\t\n\t\t<\/div>\n\t\t<!-- \/.post-content-inner -->\n\t<\/div>\n\t<!-- \/.post-content -->\n\t\n<\/article>\n<!-- \/.post -->\n<article id=\"post-1382\" class=\"post tf_clearfix post-1382 type-post status-publish format-standard has-post-thumbnail hentry category-psychologia-w-opowiesciach has-post-title no-post-date has-post-category has-post-tag has-post-comment has-post-author   cat-12\">\n\t    \n\t\t\t<a href=\"https:\/\/metodadin.pl\/test\/psychologia-w-opowiesciach\/opowiesc-dziesiata-brzydkie-kaczatko\/\" aria-label=\"Opowie\u015b\u0107 dziesi\u0105ta \u2013 Brzydkie Kacz\u0105tko\" data-post-permalink=\"yes\" style=\"display: none;\"><\/a>\n\t    \t\t\t<figure class=\"post-image tf_clearfix\">\n\t\t\t    \t\t\t\t\t\t\t\t<a href=\"https:\/\/metodadin.pl\/test\/psychologia-w-opowiesciach\/opowiesc-dziesiata-brzydkie-kaczatko\/\">\n\t\t\t\t\t\t\t\t<img loading=\"lazy\" decoding=\"async\" width=\"2048\" height=\"1363\" src=\"https:\/\/metodadin.pl\/test\/wp-content\/uploads\/2020\/10\/Psychologia10.jpg\" class=\"wp-post-image wp-image-1377\" title=\"Psychologia10\" alt=\"Psychologia10\" srcset=\"https:\/\/metodadin.pl\/test\/wp-content\/uploads\/2020\/10\/Psychologia10.jpg 2048w, https:\/\/metodadin.pl\/test\/wp-content\/uploads\/2020\/10\/Psychologia10-300x200.jpg 300w, https:\/\/metodadin.pl\/test\/wp-content\/uploads\/2020\/10\/Psychologia10-1024x682.jpg 1024w, https:\/\/metodadin.pl\/test\/wp-content\/uploads\/2020\/10\/Psychologia10-768x511.jpg 768w, https:\/\/metodadin.pl\/test\/wp-content\/uploads\/2020\/10\/Psychologia10-1536x1022.jpg 1536w, https:\/\/metodadin.pl\/test\/wp-content\/uploads\/2020\/10\/Psychologia10-900x598.jpg 900w, https:\/\/metodadin.pl\/test\/wp-content\/uploads\/2020\/10\/Psychologia10-1160x772.jpg 1160w\" sizes=\"(max-width: 2048px) 100vw, 2048px\" \/>\t\t\t\t\t\t\t\t    \t\t\t\t<\/a>\n\t\t\t\t\t\t\t    \t\t\t<\/figure>\n\t\t\t\t<div class=\"post-content\">\n\t\t<div class=\"post-content-inner\">\n\n\t\t\t\n\t\t\t<h2 class=\"post-title entry-title\"><a href=\"https:\/\/metodadin.pl\/test\/psychologia-w-opowiesciach\/opowiesc-dziesiata-brzydkie-kaczatko\/\">Opowie\u015b\u0107 dziesi\u0105ta \u2013 Brzydkie Kacz\u0105tko<\/a><\/h2>\n\t\t\t\n\t\t\t\n\t\t\t\t<div class=\"entry-content\">\n\n\t    \n\t<\/div><!-- \/.entry-content -->\n\t\n\t\t<\/div>\n\t\t<!-- \/.post-content-inner -->\n\t<\/div>\n\t<!-- \/.post-content -->\n\t\n<\/article>\n<!-- \/.post -->\n    <\/div><!-- .builder-posts-wrap -->\n        <\/div>\n<!-- \/module post -->\n\t        <\/div>\n\t    \t<\/div>\n\t\t    <\/div>\n\t    <!-- \/row_inner -->\n\t<\/div>\n\t<!-- \/module_row -->\n\t<\/div>\n<!--\/themify_builder_content-->\n","protected":false},"excerpt":{"rendered":"","protected":false},"author":1,"featured_media":0,"parent":0,"menu_order":0,"comment_status":"closed","ping_status":"closed","template":"","meta":{"footnotes":""},"yoast_head":"<!-- This site is optimized with the Yoast SEO plugin v16.2 - https:\/\/yoast.com\/wordpress\/plugins\/seo\/ -->\n<title>Psychologia w opowie\u015bciach - Fundacja Fonia<\/title>\n<meta name=\"robots\" content=\"noindex, follow, max-snippet:-1, max-image-preview:large, max-video-preview:-1\" \/>\n<meta property=\"og:locale\" content=\"pl_PL\" \/>\n<meta property=\"og:type\" content=\"article\" \/>\n<meta property=\"og:title\" content=\"Psychologia w opowie\u015bciach - Fundacja Fonia\" \/>\n<meta property=\"og:url\" content=\"https:\/\/metodadin.pl\/test\/psychologia-w-opowiesciach\/\" \/>\n<meta property=\"og:site_name\" content=\"Fundacja Fonia\" \/>\n<meta property=\"article:modified_time\" content=\"2020-10-18T13:52:06+00:00\" \/>\n<meta name=\"twitter:card\" content=\"summary_large_image\" \/>\n<script type=\"application\/ld+json\" class=\"yoast-schema-graph\">{\"@context\":\"https:\/\/schema.org\",\"@graph\":[{\"@type\":\"WebSite\",\"@id\":\"https:\/\/metodadin.pl\/test\/#website\",\"url\":\"https:\/\/metodadin.pl\/test\/\",\"name\":\"Fundacja Fonia\",\"description\":\"Fundacja Fonia\",\"potentialAction\":[{\"@type\":\"SearchAction\",\"target\":\"https:\/\/metodadin.pl\/test\/?s={search_term_string}\",\"query-input\":\"required name=search_term_string\"}],\"inLanguage\":\"pl-PL\"},{\"@type\":\"WebPage\",\"@id\":\"https:\/\/metodadin.pl\/test\/psychologia-w-opowiesciach\/#webpage\",\"url\":\"https:\/\/metodadin.pl\/test\/psychologia-w-opowiesciach\/\",\"name\":\"Psychologia w opowie\\u015bciach - Fundacja Fonia\",\"isPartOf\":{\"@id\":\"https:\/\/metodadin.pl\/test\/#website\"},\"datePublished\":\"2020-10-17T07:45:20+00:00\",\"dateModified\":\"2020-10-18T13:52:06+00:00\",\"breadcrumb\":{\"@id\":\"https:\/\/metodadin.pl\/test\/psychologia-w-opowiesciach\/#breadcrumb\"},\"inLanguage\":\"pl-PL\",\"potentialAction\":[{\"@type\":\"ReadAction\",\"target\":[\"https:\/\/metodadin.pl\/test\/psychologia-w-opowiesciach\/\"]}]},{\"@type\":\"BreadcrumbList\",\"@id\":\"https:\/\/metodadin.pl\/test\/psychologia-w-opowiesciach\/#breadcrumb\",\"itemListElement\":[{\"@type\":\"ListItem\",\"position\":1,\"item\":{\"@type\":\"WebPage\",\"@id\":\"https:\/\/metodadin.pl\/test\/\",\"url\":\"https:\/\/metodadin.pl\/test\/\",\"name\":\"Strona g\\u0142\\u00f3wna\"}},{\"@type\":\"ListItem\",\"position\":2,\"item\":{\"@id\":\"https:\/\/metodadin.pl\/test\/psychologia-w-opowiesciach\/#webpage\"}}]}]}<\/script>\n<!-- \/ Yoast SEO plugin. -->","_links":{"self":[{"href":"https:\/\/metodadin.pl\/test\/wp-json\/wp\/v2\/pages\/1243"}],"collection":[{"href":"https:\/\/metodadin.pl\/test\/wp-json\/wp\/v2\/pages"}],"about":[{"href":"https:\/\/metodadin.pl\/test\/wp-json\/wp\/v2\/types\/page"}],"author":[{"embeddable":true,"href":"https:\/\/metodadin.pl\/test\/wp-json\/wp\/v2\/users\/1"}],"replies":[{"embeddable":true,"href":"https:\/\/metodadin.pl\/test\/wp-json\/wp\/v2\/comments?post=1243"}],"version-history":[{"count":5,"href":"https:\/\/metodadin.pl\/test\/wp-json\/wp\/v2\/pages\/1243\/revisions"}],"predecessor-version":[{"id":1465,"href":"https:\/\/metodadin.pl\/test\/wp-json\/wp\/v2\/pages\/1243\/revisions\/1465"}],"wp:attachment":[{"href":"https:\/\/metodadin.pl\/test\/wp-json\/wp\/v2\/media?parent=1243"}],"curies":[{"name":"wp","href":"https:\/\/api.w.org\/{rel}","templated":true}]}}