{"id":1175,"date":"2020-10-16T21:40:27","date_gmt":"2020-10-16T19:40:27","guid":{"rendered":"https:\/\/metodadin.pl\/test\/?page_id=1175"},"modified":"2020-10-18T15:52:18","modified_gmt":"2020-10-18T13:52:18","slug":"recenzje","status":"publish","type":"page","link":"https:\/\/metodadin.pl\/test\/recenzje\/","title":{"rendered":"Recenzje &#8211; praktycy polecaj\u0105"},"content":{"rendered":"<!--themify_builder_content-->\n<div id=\"themify_builder_content-1175\" data-postid=\"1175\" class=\"themify_builder_content themify_builder_content-1175 themify_builder tf_clear\">\n    \t<!-- module_row -->\n\t<div  data-lazy=\"1\" class=\"module_row themify_builder_row tb_hdog503 tb_first tf_clearfix\">\n\t    \t\t<div class=\"row_inner col_align_top tf_box tf_w tf_rel\">\n\t\t\t<div  data-lazy=\"1\" class=\"module_column tb-column col-full first tb_d9qk504 tf_box\">\n\t    \t    \t        <div class=\"tb-column-inner tf_box tf_w\">\n\t\t    <!-- module post -->\n<div  class=\"module module-post tb_rl1i567 \">\n        <div  class=\"builder-posts-wrap loops-wrapper grid2 boxed tf_clear tf_clearfix\" data-lazy=\"1\">\n\t<article id=\"post-1168\" class=\"post tf_clearfix post-1168 type-post status-publish format-standard has-post-thumbnail hentry category-recenzje has-post-title no-post-date has-post-category has-post-tag has-post-comment has-post-author   cat-15\">\n\t    \n\t\t\t<a href=\"https:\/\/metodadin.pl\/test\/recenzje\/swiat-opowiadany-narracje-przyjazne-mowie\/\" aria-label=\"\u201e\u015aWIAT OPOWIADANY\u201d \u2013 NARRACJE PRZYJAZNE MOWIE\" data-post-permalink=\"yes\" style=\"display: none;\"><\/a>\n\t    \t\t\t<figure class=\"post-image tf_clearfix\">\n\t\t\t    \t\t\t\t\t\t\t\t<a href=\"https:\/\/metodadin.pl\/test\/recenzje\/swiat-opowiadany-narracje-przyjazne-mowie\/\">\n\t\t\t\t\t\t\t\t<img loading=\"lazy\" decoding=\"async\" width=\"2048\" height=\"1363\" src=\"https:\/\/metodadin.pl\/test\/wp-content\/uploads\/2020\/10\/1.recenzja.jpg\" class=\"wp-post-image wp-image-1151\" title=\"1.recenzja\" alt=\"1.recenzja\" srcset=\"https:\/\/metodadin.pl\/test\/wp-content\/uploads\/2020\/10\/1.recenzja.jpg 2048w, https:\/\/metodadin.pl\/test\/wp-content\/uploads\/2020\/10\/1.recenzja-300x200.jpg 300w, https:\/\/metodadin.pl\/test\/wp-content\/uploads\/2020\/10\/1.recenzja-1024x682.jpg 1024w, https:\/\/metodadin.pl\/test\/wp-content\/uploads\/2020\/10\/1.recenzja-768x511.jpg 768w, https:\/\/metodadin.pl\/test\/wp-content\/uploads\/2020\/10\/1.recenzja-1536x1022.jpg 1536w, https:\/\/metodadin.pl\/test\/wp-content\/uploads\/2020\/10\/1.recenzja-900x598.jpg 900w, https:\/\/metodadin.pl\/test\/wp-content\/uploads\/2020\/10\/1.recenzja-1160x772.jpg 1160w\" sizes=\"(max-width: 2048px) 100vw, 2048px\" \/>\t\t\t\t\t\t\t\t    \t\t\t\t<\/a>\n\t\t\t\t\t\t\t    \t\t\t<\/figure>\n\t\t\t\t<div class=\"post-content\">\n\t\t<div class=\"post-content-inner\">\n\n\t\t\t\n\t\t\t<h2 class=\"post-title entry-title\"><a href=\"https:\/\/metodadin.pl\/test\/recenzje\/swiat-opowiadany-narracje-przyjazne-mowie\/\">\u201e\u015aWIAT OPOWIADANY\u201d \u2013 NARRACJE PRZYJAZNE MOWIE<\/a><\/h2>\n\t\t\t\n\t\t\t\n\t\t\t\t<div class=\"entry-content\">\n\n\t    \n\t<\/div><!-- \/.entry-content -->\n\t\n\t\t<\/div>\n\t\t<!-- \/.post-content-inner -->\n\t<\/div>\n\t<!-- \/.post-content -->\n\t\n<\/article>\n<!-- \/.post -->\n<article id=\"post-1180\" class=\"post tf_clearfix post-1180 type-post status-publish format-standard has-post-thumbnail hentry category-recenzje has-post-title no-post-date has-post-category has-post-tag has-post-comment has-post-author   cat-15\">\n\t    \n\t\t\t<a href=\"https:\/\/metodadin.pl\/test\/recenzje\/slowa-w-akcji-czyli-mowa-w-dzialaniu\/\" aria-label=\"\u201eS\u0141OWA W AKCJI\u201d CZYLI MOWA W DZIA\u0141ANIU\" data-post-permalink=\"yes\" style=\"display: none;\"><\/a>\n\t    \t\t\t<figure class=\"post-image tf_clearfix\">\n\t\t\t    \t\t\t\t\t\t\t\t<a href=\"https:\/\/metodadin.pl\/test\/recenzje\/slowa-w-akcji-czyli-mowa-w-dzialaniu\/\">\n\t\t\t\t\t\t\t\t<img loading=\"lazy\" decoding=\"async\" width=\"2048\" height=\"1363\" src=\"https:\/\/metodadin.pl\/test\/wp-content\/uploads\/2020\/10\/2.-recenzja.jpg\" class=\"wp-post-image wp-image-1152\" title=\"2. recenzja\" alt=\"2. recenzja\" srcset=\"https:\/\/metodadin.pl\/test\/wp-content\/uploads\/2020\/10\/2.-recenzja.jpg 2048w, https:\/\/metodadin.pl\/test\/wp-content\/uploads\/2020\/10\/2.-recenzja-300x200.jpg 300w, https:\/\/metodadin.pl\/test\/wp-content\/uploads\/2020\/10\/2.-recenzja-1024x682.jpg 1024w, https:\/\/metodadin.pl\/test\/wp-content\/uploads\/2020\/10\/2.-recenzja-768x511.jpg 768w, https:\/\/metodadin.pl\/test\/wp-content\/uploads\/2020\/10\/2.-recenzja-1536x1022.jpg 1536w, https:\/\/metodadin.pl\/test\/wp-content\/uploads\/2020\/10\/2.-recenzja-900x598.jpg 900w, https:\/\/metodadin.pl\/test\/wp-content\/uploads\/2020\/10\/2.-recenzja-1160x772.jpg 1160w\" sizes=\"(max-width: 2048px) 100vw, 2048px\" \/>\t\t\t\t\t\t\t\t    \t\t\t\t<\/a>\n\t\t\t\t\t\t\t    \t\t\t<\/figure>\n\t\t\t\t<div class=\"post-content\">\n\t\t<div class=\"post-content-inner\">\n\n\t\t\t\n\t\t\t<h2 class=\"post-title entry-title\"><a href=\"https:\/\/metodadin.pl\/test\/recenzje\/slowa-w-akcji-czyli-mowa-w-dzialaniu\/\">\u201eS\u0141OWA W AKCJI\u201d CZYLI MOWA W DZIA\u0141ANIU<\/a><\/h2>\n\t\t\t\n\t\t\t\n\t\t\t\t<div class=\"entry-content\">\n\n\t    \n\t<\/div><!-- \/.entry-content -->\n\t\n\t\t<\/div>\n\t\t<!-- \/.post-content-inner -->\n\t<\/div>\n\t<!-- \/.post-content -->\n\t\n<\/article>\n<!-- \/.post -->\n<article id=\"post-1183\" class=\"post tf_clearfix post-1183 type-post status-publish format-standard has-post-thumbnail hentry category-recenzje has-post-title no-post-date has-post-category has-post-tag has-post-comment has-post-author   cat-15\">\n\t    \n\t\t\t<a href=\"https:\/\/metodadin.pl\/test\/recenzje\/tak-sie-bawia-i-spiewaja-dzieci\/\" aria-label=\"Tak si\u0119 bawi\u0105 i \u015bpiewaj\u0105 dzieci\" data-post-permalink=\"yes\" style=\"display: none;\"><\/a>\n\t    \t\t\t<figure class=\"post-image tf_clearfix\">\n\t\t\t    \t\t\t\t\t\t\t\t<a href=\"https:\/\/metodadin.pl\/test\/recenzje\/tak-sie-bawia-i-spiewaja-dzieci\/\">\n\t\t\t\t\t\t\t\t<img loading=\"lazy\" decoding=\"async\" width=\"2048\" height=\"1363\" src=\"https:\/\/metodadin.pl\/test\/wp-content\/uploads\/2020\/10\/3.recenzja_n.jpg\" class=\"wp-post-image wp-image-1242\" title=\"3.recenzja_n\" alt=\"3.recenzja_n\" srcset=\"https:\/\/metodadin.pl\/test\/wp-content\/uploads\/2020\/10\/3.recenzja_n.jpg 2048w, https:\/\/metodadin.pl\/test\/wp-content\/uploads\/2020\/10\/3.recenzja_n-300x200.jpg 300w, https:\/\/metodadin.pl\/test\/wp-content\/uploads\/2020\/10\/3.recenzja_n-1024x682.jpg 1024w, https:\/\/metodadin.pl\/test\/wp-content\/uploads\/2020\/10\/3.recenzja_n-768x511.jpg 768w, https:\/\/metodadin.pl\/test\/wp-content\/uploads\/2020\/10\/3.recenzja_n-1536x1022.jpg 1536w, https:\/\/metodadin.pl\/test\/wp-content\/uploads\/2020\/10\/3.recenzja_n-900x598.jpg 900w, https:\/\/metodadin.pl\/test\/wp-content\/uploads\/2020\/10\/3.recenzja_n-1160x772.jpg 1160w\" sizes=\"(max-width: 2048px) 100vw, 2048px\" \/>\t\t\t\t\t\t\t\t    \t\t\t\t<\/a>\n\t\t\t\t\t\t\t    \t\t\t<\/figure>\n\t\t\t\t<div class=\"post-content\">\n\t\t<div class=\"post-content-inner\">\n\n\t\t\t\n\t\t\t<h2 class=\"post-title entry-title\"><a href=\"https:\/\/metodadin.pl\/test\/recenzje\/tak-sie-bawia-i-spiewaja-dzieci\/\">Tak si\u0119 bawi\u0105 i \u015bpiewaj\u0105 dzieci<\/a><\/h2>\n\t\t\t\n\t\t\t\n\t\t\t\t<div class=\"entry-content\">\n\n\t    \n\t<\/div><!-- \/.entry-content -->\n\t\n\t\t<\/div>\n\t\t<!-- \/.post-content-inner -->\n\t<\/div>\n\t<!-- \/.post-content -->\n\t\n<\/article>\n<!-- \/.post -->\n<article id=\"post-1195\" class=\"post tf_clearfix post-1195 type-post status-publish format-standard has-post-thumbnail hentry category-recenzje has-post-title no-post-date has-post-category has-post-tag has-post-comment has-post-author   cat-15\">\n\t    \n\t\t\t<a href=\"https:\/\/metodadin.pl\/test\/recenzje\/kulko-klocki-lalaboom-wydawnictwo-trefl\/\" aria-label=\"Kicia Kocia pomaga rozwija\u0107 mow\u0119\" data-post-permalink=\"yes\" style=\"display: none;\"><\/a>\n\t    \t\t\t<figure class=\"post-image tf_clearfix\">\n\t\t\t    \t\t\t\t\t\t\t\t<a href=\"https:\/\/metodadin.pl\/test\/recenzje\/kulko-klocki-lalaboom-wydawnictwo-trefl\/\">\n\t\t\t\t\t\t\t\t<img loading=\"lazy\" decoding=\"async\" width=\"2048\" height=\"1363\" src=\"https:\/\/metodadin.pl\/test\/wp-content\/uploads\/2020\/10\/4-recenzja.jpg\" class=\"wp-post-image wp-image-1154\" title=\"4 recenzja\" alt=\"4 recenzja\" srcset=\"https:\/\/metodadin.pl\/test\/wp-content\/uploads\/2020\/10\/4-recenzja.jpg 2048w, https:\/\/metodadin.pl\/test\/wp-content\/uploads\/2020\/10\/4-recenzja-300x200.jpg 300w, https:\/\/metodadin.pl\/test\/wp-content\/uploads\/2020\/10\/4-recenzja-1024x682.jpg 1024w, https:\/\/metodadin.pl\/test\/wp-content\/uploads\/2020\/10\/4-recenzja-768x511.jpg 768w, https:\/\/metodadin.pl\/test\/wp-content\/uploads\/2020\/10\/4-recenzja-1536x1022.jpg 1536w, https:\/\/metodadin.pl\/test\/wp-content\/uploads\/2020\/10\/4-recenzja-900x598.jpg 900w, https:\/\/metodadin.pl\/test\/wp-content\/uploads\/2020\/10\/4-recenzja-1160x772.jpg 1160w\" sizes=\"(max-width: 2048px) 100vw, 2048px\" \/>\t\t\t\t\t\t\t\t    \t\t\t\t<\/a>\n\t\t\t\t\t\t\t    \t\t\t<\/figure>\n\t\t\t\t<div class=\"post-content\">\n\t\t<div class=\"post-content-inner\">\n\n\t\t\t\n\t\t\t<h2 class=\"post-title entry-title\"><a href=\"https:\/\/metodadin.pl\/test\/recenzje\/kulko-klocki-lalaboom-wydawnictwo-trefl\/\">Kicia Kocia pomaga rozwija\u0107 mow\u0119<\/a><\/h2>\n\t\t\t\n\t\t\t\n\t\t\t\t<div class=\"entry-content\">\n\n\t    \n\t<\/div><!-- \/.entry-content -->\n\t\n\t\t<\/div>\n\t\t<!-- \/.post-content-inner -->\n\t<\/div>\n\t<!-- \/.post-content -->\n\t\n<\/article>\n<!-- \/.post -->\n<article id=\"post-1204\" class=\"post tf_clearfix post-1204 type-post status-publish format-standard has-post-thumbnail hentry category-recenzje has-post-title no-post-date has-post-category has-post-tag has-post-comment has-post-author   cat-15\">\n\t    \n\t\t\t<a href=\"https:\/\/metodadin.pl\/test\/recenzje\/kulko-klocki-lalaboom-wydawnictwo-trefl-2\/\" aria-label=\"KULKO-KLOCKI LALABOOM\" data-post-permalink=\"yes\" style=\"display: none;\"><\/a>\n\t    \t\t\t<figure class=\"post-image tf_clearfix\">\n\t\t\t    \t\t\t\t\t\t\t\t<a href=\"https:\/\/metodadin.pl\/test\/recenzje\/kulko-klocki-lalaboom-wydawnictwo-trefl-2\/\">\n\t\t\t\t\t\t\t\t<img loading=\"lazy\" decoding=\"async\" width=\"2048\" height=\"1363\" src=\"https:\/\/metodadin.pl\/test\/wp-content\/uploads\/2020\/10\/5.recenzja-glowne.jpg\" class=\"wp-post-image wp-image-1155\" title=\"5.recenzja glowne\" alt=\"5.recenzja glowne\" srcset=\"https:\/\/metodadin.pl\/test\/wp-content\/uploads\/2020\/10\/5.recenzja-glowne.jpg 2048w, https:\/\/metodadin.pl\/test\/wp-content\/uploads\/2020\/10\/5.recenzja-glowne-300x200.jpg 300w, https:\/\/metodadin.pl\/test\/wp-content\/uploads\/2020\/10\/5.recenzja-glowne-1024x682.jpg 1024w, https:\/\/metodadin.pl\/test\/wp-content\/uploads\/2020\/10\/5.recenzja-glowne-768x511.jpg 768w, https:\/\/metodadin.pl\/test\/wp-content\/uploads\/2020\/10\/5.recenzja-glowne-900x598.jpg 900w, https:\/\/metodadin.pl\/test\/wp-content\/uploads\/2020\/10\/5.recenzja-glowne-1160x772.jpg 1160w\" sizes=\"(max-width: 2048px) 100vw, 2048px\" \/>\t\t\t\t\t\t\t\t    \t\t\t\t<\/a>\n\t\t\t\t\t\t\t    \t\t\t<\/figure>\n\t\t\t\t<div class=\"post-content\">\n\t\t<div class=\"post-content-inner\">\n\n\t\t\t\n\t\t\t<h2 class=\"post-title entry-title\"><a href=\"https:\/\/metodadin.pl\/test\/recenzje\/kulko-klocki-lalaboom-wydawnictwo-trefl-2\/\">KULKO-KLOCKI LALABOOM<\/a><\/h2>\n\t\t\t\n\t\t\t\n\t\t\t\t<div class=\"entry-content\">\n\n\t    \n\t<\/div><!-- \/.entry-content -->\n\t\n\t\t<\/div>\n\t\t<!-- \/.post-content-inner -->\n\t<\/div>\n\t<!-- \/.post-content -->\n\t\n<\/article>\n<!-- \/.post -->\n<article id=\"post-1209\" class=\"post tf_clearfix post-1209 type-post status-publish format-standard has-post-thumbnail hentry category-recenzje has-post-title no-post-date has-post-category has-post-tag has-post-comment has-post-author   cat-15\">\n\t    \n\t\t\t<a href=\"https:\/\/metodadin.pl\/test\/recenzje\/logopedyczna-sakiewka-skarbow\/\" aria-label=\"LOGOPEDYCZNA SAKIEWKA SKARB\u00d3W\" data-post-permalink=\"yes\" style=\"display: none;\"><\/a>\n\t    \t\t\t<figure class=\"post-image tf_clearfix\">\n\t\t\t    \t\t\t\t\t\t\t\t<a href=\"https:\/\/metodadin.pl\/test\/recenzje\/logopedyczna-sakiewka-skarbow\/\">\n\t\t\t\t\t\t\t\t<img loading=\"lazy\" decoding=\"async\" width=\"2048\" height=\"1363\" src=\"https:\/\/metodadin.pl\/test\/wp-content\/uploads\/2020\/10\/6.sakiewka.jpg\" class=\"wp-post-image wp-image-1157\" title=\"6.sakiewka\" alt=\"6.sakiewka\" srcset=\"https:\/\/metodadin.pl\/test\/wp-content\/uploads\/2020\/10\/6.sakiewka.jpg 2048w, https:\/\/metodadin.pl\/test\/wp-content\/uploads\/2020\/10\/6.sakiewka-300x200.jpg 300w, https:\/\/metodadin.pl\/test\/wp-content\/uploads\/2020\/10\/6.sakiewka-1024x682.jpg 1024w, https:\/\/metodadin.pl\/test\/wp-content\/uploads\/2020\/10\/6.sakiewka-768x511.jpg 768w, https:\/\/metodadin.pl\/test\/wp-content\/uploads\/2020\/10\/6.sakiewka-1536x1022.jpg 1536w, https:\/\/metodadin.pl\/test\/wp-content\/uploads\/2020\/10\/6.sakiewka-900x598.jpg 900w, https:\/\/metodadin.pl\/test\/wp-content\/uploads\/2020\/10\/6.sakiewka-1160x772.jpg 1160w\" sizes=\"(max-width: 2048px) 100vw, 2048px\" \/>\t\t\t\t\t\t\t\t    \t\t\t\t<\/a>\n\t\t\t\t\t\t\t    \t\t\t<\/figure>\n\t\t\t\t<div class=\"post-content\">\n\t\t<div class=\"post-content-inner\">\n\n\t\t\t\n\t\t\t<h2 class=\"post-title entry-title\"><a href=\"https:\/\/metodadin.pl\/test\/recenzje\/logopedyczna-sakiewka-skarbow\/\">LOGOPEDYCZNA SAKIEWKA SKARB\u00d3W<\/a><\/h2>\n\t\t\t\n\t\t\t\n\t\t\t\t<div class=\"entry-content\">\n\n\t    \n\t<\/div><!-- \/.entry-content -->\n\t\n\t\t<\/div>\n\t\t<!-- \/.post-content-inner -->\n\t<\/div>\n\t<!-- \/.post-content -->\n\t\n<\/article>\n<!-- \/.post -->\n<article id=\"post-1212\" class=\"post tf_clearfix post-1212 type-post status-publish format-standard has-post-thumbnail hentry category-recenzje has-post-title no-post-date has-post-category has-post-tag has-post-comment has-post-author   cat-15\">\n\t    \n\t\t\t<a href=\"https:\/\/metodadin.pl\/test\/recenzje\/agugu-akuku-gadu-gadu-seria-ksiazeczek-dla-dzieci\/\" aria-label=\"Agugu, Akuku, Gadu gadu \u2013 seria ksi\u0105\u017ceczek dla dzieci\" data-post-permalink=\"yes\" style=\"display: none;\"><\/a>\n\t    \t\t\t<figure class=\"post-image tf_clearfix\">\n\t\t\t    \t\t\t\t\t\t\t\t<a href=\"https:\/\/metodadin.pl\/test\/recenzje\/agugu-akuku-gadu-gadu-seria-ksiazeczek-dla-dzieci\/\">\n\t\t\t\t\t\t\t\t<img loading=\"lazy\" decoding=\"async\" width=\"2048\" height=\"1363\" src=\"https:\/\/metodadin.pl\/test\/wp-content\/uploads\/2020\/10\/7.recenzja-glowne.jpg\" class=\"wp-post-image wp-image-1158\" title=\"7.recenzja glowne\" alt=\"7.recenzja glowne\" srcset=\"https:\/\/metodadin.pl\/test\/wp-content\/uploads\/2020\/10\/7.recenzja-glowne.jpg 2048w, https:\/\/metodadin.pl\/test\/wp-content\/uploads\/2020\/10\/7.recenzja-glowne-300x200.jpg 300w, https:\/\/metodadin.pl\/test\/wp-content\/uploads\/2020\/10\/7.recenzja-glowne-1024x682.jpg 1024w, https:\/\/metodadin.pl\/test\/wp-content\/uploads\/2020\/10\/7.recenzja-glowne-768x511.jpg 768w, https:\/\/metodadin.pl\/test\/wp-content\/uploads\/2020\/10\/7.recenzja-glowne-1536x1022.jpg 1536w, https:\/\/metodadin.pl\/test\/wp-content\/uploads\/2020\/10\/7.recenzja-glowne-900x598.jpg 900w, https:\/\/metodadin.pl\/test\/wp-content\/uploads\/2020\/10\/7.recenzja-glowne-1160x772.jpg 1160w\" sizes=\"(max-width: 2048px) 100vw, 2048px\" \/>\t\t\t\t\t\t\t\t    \t\t\t\t<\/a>\n\t\t\t\t\t\t\t    \t\t\t<\/figure>\n\t\t\t\t<div class=\"post-content\">\n\t\t<div class=\"post-content-inner\">\n\n\t\t\t\n\t\t\t<h2 class=\"post-title entry-title\"><a href=\"https:\/\/metodadin.pl\/test\/recenzje\/agugu-akuku-gadu-gadu-seria-ksiazeczek-dla-dzieci\/\">Agugu, Akuku, Gadu gadu \u2013 seria ksi\u0105\u017ceczek dla dzieci<\/a><\/h2>\n\t\t\t\n\t\t\t\n\t\t\t\t<div class=\"entry-content\">\n\n\t    \n\t<\/div><!-- \/.entry-content -->\n\t\n\t\t<\/div>\n\t\t<!-- \/.post-content-inner -->\n\t<\/div>\n\t<!-- \/.post-content -->\n\t\n<\/article>\n<!-- \/.post -->\n<article id=\"post-1219\" class=\"post tf_clearfix post-1219 type-post status-publish format-standard has-post-thumbnail hentry category-recenzje has-post-title no-post-date has-post-category has-post-tag has-post-comment has-post-author   cat-15\">\n\t    \n\t\t\t<a href=\"https:\/\/metodadin.pl\/test\/recenzje\/od-kreski-do-mowy-czyli-rysowane-wierszyki\/\" aria-label=\"OD KRESKI DO MOWY CZYLI \u201eRYSOWANE WIERSZYKI\u201d\" data-post-permalink=\"yes\" style=\"display: none;\"><\/a>\n\t    \t\t\t<figure class=\"post-image tf_clearfix\">\n\t\t\t    \t\t\t\t\t\t\t\t<a href=\"https:\/\/metodadin.pl\/test\/recenzje\/od-kreski-do-mowy-czyli-rysowane-wierszyki\/\">\n\t\t\t\t\t\t\t\t<img loading=\"lazy\" decoding=\"async\" width=\"2048\" height=\"1363\" src=\"https:\/\/metodadin.pl\/test\/wp-content\/uploads\/2020\/10\/8.recenzja.jpg\" class=\"wp-post-image wp-image-1160\" title=\"8.recenzja\" alt=\"8.recenzja\" srcset=\"https:\/\/metodadin.pl\/test\/wp-content\/uploads\/2020\/10\/8.recenzja.jpg 2048w, https:\/\/metodadin.pl\/test\/wp-content\/uploads\/2020\/10\/8.recenzja-300x200.jpg 300w, https:\/\/metodadin.pl\/test\/wp-content\/uploads\/2020\/10\/8.recenzja-1024x682.jpg 1024w, https:\/\/metodadin.pl\/test\/wp-content\/uploads\/2020\/10\/8.recenzja-768x511.jpg 768w, https:\/\/metodadin.pl\/test\/wp-content\/uploads\/2020\/10\/8.recenzja-1536x1022.jpg 1536w, https:\/\/metodadin.pl\/test\/wp-content\/uploads\/2020\/10\/8.recenzja-900x598.jpg 900w, https:\/\/metodadin.pl\/test\/wp-content\/uploads\/2020\/10\/8.recenzja-1160x772.jpg 1160w\" sizes=\"(max-width: 2048px) 100vw, 2048px\" \/>\t\t\t\t\t\t\t\t    \t\t\t\t<\/a>\n\t\t\t\t\t\t\t    \t\t\t<\/figure>\n\t\t\t\t<div class=\"post-content\">\n\t\t<div class=\"post-content-inner\">\n\n\t\t\t\n\t\t\t<h2 class=\"post-title entry-title\"><a href=\"https:\/\/metodadin.pl\/test\/recenzje\/od-kreski-do-mowy-czyli-rysowane-wierszyki\/\">OD KRESKI DO MOWY CZYLI \u201eRYSOWANE WIERSZYKI\u201d<\/a><\/h2>\n\t\t\t\n\t\t\t\n\t\t\t\t<div class=\"entry-content\">\n\n\t    \n\t<\/div><!-- \/.entry-content -->\n\t\n\t\t<\/div>\n\t\t<!-- \/.post-content-inner -->\n\t<\/div>\n\t<!-- \/.post-content -->\n\t\n<\/article>\n<!-- \/.post -->\n<article id=\"post-1226\" class=\"post tf_clearfix post-1226 type-post status-publish format-standard has-post-thumbnail hentry category-recenzje has-post-title no-post-date has-post-category has-post-tag has-post-comment has-post-author   cat-15\">\n\t    \n\t\t\t<a href=\"https:\/\/metodadin.pl\/test\/recenzje\/pajdohistoryjki-krotkie-wierszyki-o-bogatej-tresci\/\" aria-label=\"Pajdohistoryjki \u2013 kr\u00f3tkie wierszyki o bogatej tre\u015bci\" data-post-permalink=\"yes\" style=\"display: none;\"><\/a>\n\t    \t\t\t<figure class=\"post-image tf_clearfix\">\n\t\t\t    \t\t\t\t\t\t\t\t<a href=\"https:\/\/metodadin.pl\/test\/recenzje\/pajdohistoryjki-krotkie-wierszyki-o-bogatej-tresci\/\">\n\t\t\t\t\t\t\t\t<img loading=\"lazy\" decoding=\"async\" width=\"2048\" height=\"1363\" src=\"https:\/\/metodadin.pl\/test\/wp-content\/uploads\/2020\/10\/9.-recenzja-glowne.jpg\" class=\"wp-post-image wp-image-1161\" title=\"9. recenzja glowne\" alt=\"9. recenzja glowne\" srcset=\"https:\/\/metodadin.pl\/test\/wp-content\/uploads\/2020\/10\/9.-recenzja-glowne.jpg 2048w, https:\/\/metodadin.pl\/test\/wp-content\/uploads\/2020\/10\/9.-recenzja-glowne-300x200.jpg 300w, https:\/\/metodadin.pl\/test\/wp-content\/uploads\/2020\/10\/9.-recenzja-glowne-1024x682.jpg 1024w, https:\/\/metodadin.pl\/test\/wp-content\/uploads\/2020\/10\/9.-recenzja-glowne-768x511.jpg 768w, https:\/\/metodadin.pl\/test\/wp-content\/uploads\/2020\/10\/9.-recenzja-glowne-1536x1022.jpg 1536w, https:\/\/metodadin.pl\/test\/wp-content\/uploads\/2020\/10\/9.-recenzja-glowne-900x598.jpg 900w, https:\/\/metodadin.pl\/test\/wp-content\/uploads\/2020\/10\/9.-recenzja-glowne-1160x772.jpg 1160w\" sizes=\"(max-width: 2048px) 100vw, 2048px\" \/>\t\t\t\t\t\t\t\t    \t\t\t\t<\/a>\n\t\t\t\t\t\t\t    \t\t\t<\/figure>\n\t\t\t\t<div class=\"post-content\">\n\t\t<div class=\"post-content-inner\">\n\n\t\t\t\n\t\t\t<h2 class=\"post-title entry-title\"><a href=\"https:\/\/metodadin.pl\/test\/recenzje\/pajdohistoryjki-krotkie-wierszyki-o-bogatej-tresci\/\">Pajdohistoryjki \u2013 kr\u00f3tkie wierszyki o bogatej tre\u015bci<\/a><\/h2>\n\t\t\t\n\t\t\t\n\t\t\t\t<div class=\"entry-content\">\n\n\t    \n\t<\/div><!-- \/.entry-content -->\n\t\n\t\t<\/div>\n\t\t<!-- \/.post-content-inner -->\n\t<\/div>\n\t<!-- \/.post-content -->\n\t\n<\/article>\n<!-- \/.post -->\n<article id=\"post-1231\" class=\"post tf_clearfix post-1231 type-post status-publish format-standard has-post-thumbnail hentry category-recenzje has-post-title no-post-date has-post-category has-post-tag has-post-comment has-post-author   cat-15\">\n\t    \n\t\t\t<a href=\"https:\/\/metodadin.pl\/test\/recenzje\/plyta-kolory-agaty-swieton\/\" aria-label=\"P\u0142yta \u201eKolory\u201d Agaty \u015awi\u0119to\u0144\" data-post-permalink=\"yes\" style=\"display: none;\"><\/a>\n\t    \t\t\t<figure class=\"post-image tf_clearfix\">\n\t\t\t    \t\t\t\t\t\t\t\t<a href=\"https:\/\/metodadin.pl\/test\/recenzje\/plyta-kolory-agaty-swieton\/\">\n\t\t\t\t\t\t\t\t<img loading=\"lazy\" decoding=\"async\" width=\"2048\" height=\"1363\" src=\"https:\/\/metodadin.pl\/test\/wp-content\/uploads\/2020\/10\/10.-recenzja-glowne.jpg\" class=\"wp-post-image wp-image-1164\" title=\"10. recenzja glowne\" alt=\"10. recenzja glowne\" srcset=\"https:\/\/metodadin.pl\/test\/wp-content\/uploads\/2020\/10\/10.-recenzja-glowne.jpg 2048w, https:\/\/metodadin.pl\/test\/wp-content\/uploads\/2020\/10\/10.-recenzja-glowne-300x200.jpg 300w, https:\/\/metodadin.pl\/test\/wp-content\/uploads\/2020\/10\/10.-recenzja-glowne-1024x682.jpg 1024w, https:\/\/metodadin.pl\/test\/wp-content\/uploads\/2020\/10\/10.-recenzja-glowne-768x511.jpg 768w, https:\/\/metodadin.pl\/test\/wp-content\/uploads\/2020\/10\/10.-recenzja-glowne-1536x1022.jpg 1536w, https:\/\/metodadin.pl\/test\/wp-content\/uploads\/2020\/10\/10.-recenzja-glowne-900x598.jpg 900w, https:\/\/metodadin.pl\/test\/wp-content\/uploads\/2020\/10\/10.-recenzja-glowne-1160x772.jpg 1160w\" sizes=\"(max-width: 2048px) 100vw, 2048px\" \/>\t\t\t\t\t\t\t\t    \t\t\t\t<\/a>\n\t\t\t\t\t\t\t    \t\t\t<\/figure>\n\t\t\t\t<div class=\"post-content\">\n\t\t<div class=\"post-content-inner\">\n\n\t\t\t\n\t\t\t<h2 class=\"post-title entry-title\"><a href=\"https:\/\/metodadin.pl\/test\/recenzje\/plyta-kolory-agaty-swieton\/\">P\u0142yta \u201eKolory\u201d Agaty \u015awi\u0119to\u0144<\/a><\/h2>\n\t\t\t\n\t\t\t\n\t\t\t\t<div class=\"entry-content\">\n\n\t    \n\t<\/div><!-- \/.entry-content -->\n\t\n\t\t<\/div>\n\t\t<!-- \/.post-content-inner -->\n\t<\/div>\n\t<!-- \/.post-content -->\n\t\n<\/article>\n<!-- \/.post -->\n    <\/div><!-- .builder-posts-wrap -->\n        <\/div>\n<!-- \/module post -->\n\t        <\/div>\n\t    \t<\/div>\n\t\t    <\/div>\n\t    <!-- \/row_inner -->\n\t<\/div>\n\t<!-- \/module_row -->\n\t<\/div>\n<!--\/themify_builder_content-->\n","protected":false},"excerpt":{"rendered":"","protected":false},"author":1,"featured_media":0,"parent":0,"menu_order":0,"comment_status":"closed","ping_status":"closed","template":"","meta":{"footnotes":""},"yoast_head":"<!-- This site is optimized with the Yoast SEO plugin v16.2 - https:\/\/yoast.com\/wordpress\/plugins\/seo\/ -->\n<title>Recenzje - praktycy polecaj\u0105 - Fundacja Fonia<\/title>\n<meta name=\"robots\" content=\"noindex, follow, max-snippet:-1, max-image-preview:large, max-video-preview:-1\" \/>\n<meta property=\"og:locale\" content=\"pl_PL\" \/>\n<meta property=\"og:type\" content=\"article\" \/>\n<meta property=\"og:title\" content=\"Recenzje - praktycy polecaj\u0105 - Fundacja Fonia\" \/>\n<meta property=\"og:url\" content=\"https:\/\/metodadin.pl\/test\/recenzje\/\" \/>\n<meta property=\"og:site_name\" content=\"Fundacja Fonia\" \/>\n<meta property=\"article:modified_time\" content=\"2020-10-18T13:52:18+00:00\" \/>\n<meta name=\"twitter:card\" content=\"summary_large_image\" \/>\n<script type=\"application\/ld+json\" class=\"yoast-schema-graph\">{\"@context\":\"https:\/\/schema.org\",\"@graph\":[{\"@type\":\"WebSite\",\"@id\":\"https:\/\/metodadin.pl\/test\/#website\",\"url\":\"https:\/\/metodadin.pl\/test\/\",\"name\":\"Fundacja Fonia\",\"description\":\"Fundacja Fonia\",\"potentialAction\":[{\"@type\":\"SearchAction\",\"target\":\"https:\/\/metodadin.pl\/test\/?s={search_term_string}\",\"query-input\":\"required name=search_term_string\"}],\"inLanguage\":\"pl-PL\"},{\"@type\":\"WebPage\",\"@id\":\"https:\/\/metodadin.pl\/test\/recenzje\/#webpage\",\"url\":\"https:\/\/metodadin.pl\/test\/recenzje\/\",\"name\":\"Recenzje - praktycy polecaj\\u0105 - Fundacja Fonia\",\"isPartOf\":{\"@id\":\"https:\/\/metodadin.pl\/test\/#website\"},\"datePublished\":\"2020-10-16T19:40:27+00:00\",\"dateModified\":\"2020-10-18T13:52:18+00:00\",\"breadcrumb\":{\"@id\":\"https:\/\/metodadin.pl\/test\/recenzje\/#breadcrumb\"},\"inLanguage\":\"pl-PL\",\"potentialAction\":[{\"@type\":\"ReadAction\",\"target\":[\"https:\/\/metodadin.pl\/test\/recenzje\/\"]}]},{\"@type\":\"BreadcrumbList\",\"@id\":\"https:\/\/metodadin.pl\/test\/recenzje\/#breadcrumb\",\"itemListElement\":[{\"@type\":\"ListItem\",\"position\":1,\"item\":{\"@type\":\"WebPage\",\"@id\":\"https:\/\/metodadin.pl\/test\/\",\"url\":\"https:\/\/metodadin.pl\/test\/\",\"name\":\"Strona g\\u0142\\u00f3wna\"}},{\"@type\":\"ListItem\",\"position\":2,\"item\":{\"@id\":\"https:\/\/metodadin.pl\/test\/recenzje\/#webpage\"}}]}]}<\/script>\n<!-- \/ Yoast SEO plugin. -->","_links":{"self":[{"href":"https:\/\/metodadin.pl\/test\/wp-json\/wp\/v2\/pages\/1175"}],"collection":[{"href":"https:\/\/metodadin.pl\/test\/wp-json\/wp\/v2\/pages"}],"about":[{"href":"https:\/\/metodadin.pl\/test\/wp-json\/wp\/v2\/types\/page"}],"author":[{"embeddable":true,"href":"https:\/\/metodadin.pl\/test\/wp-json\/wp\/v2\/users\/1"}],"replies":[{"embeddable":true,"href":"https:\/\/metodadin.pl\/test\/wp-json\/wp\/v2\/comments?post=1175"}],"version-history":[{"count":5,"href":"https:\/\/metodadin.pl\/test\/wp-json\/wp\/v2\/pages\/1175\/revisions"}],"predecessor-version":[{"id":1466,"href":"https:\/\/metodadin.pl\/test\/wp-json\/wp\/v2\/pages\/1175\/revisions\/1466"}],"wp:attachment":[{"href":"https:\/\/metodadin.pl\/test\/wp-json\/wp\/v2\/media?parent=1175"}],"curies":[{"name":"wp","href":"https:\/\/api.w.org\/{rel}","templated":true}]}}